{"id":100,"date":"2024-02-17T10:19:55","date_gmt":"2024-02-17T13:19:55","guid":{"rendered":"http:\/\/fima.org.br\/?page_id=100"},"modified":"2024-12-06T15:53:03","modified_gmt":"2024-12-06T18:53:03","slug":"contatos-2024","status":"publish","type":"page","link":"https:\/\/fima.org.br\/?page_id=100","title":{"rendered":"Contatos (2024)"},"content":{"rendered":"<h5><\/h5>\n<h5>Os contatos sobre o <strong>FIMA 2024<\/strong> para retiradas de d\u00favidas e pedidos de entrevistas podem ser realizados por meio destes contatos <em>WhatsApp<\/em>:<\/h5>\n<h5>\u2014 Para o <strong>p\u00fablico em geral<\/strong> no hor\u00e1rio comercial &#8211; <strong><a href=\"http:\/\/wa.me\/5551990133275\" target=\"_blank\" rel=\"noopener\">WhatsApp<\/a><\/strong><\/h5>\n<h5>\u2014 Para <strong>Jornalistas<\/strong> e fora do hor\u00e1rio comercial \u2014 <a href=\"http:\/\/wa.me\/5551981118631\" target=\"_blank\" rel=\"noopener\"><strong>WhatsApp<\/strong><\/a>\u00a0 (e sobre o <em>site<\/em> e pe\u00e7as de divulga\u00e7\u00e3o do evento)<\/h5>\n<h5>Tanb\u00e9m pode ser utilizado o endere\u00e7o de <strong>email<\/strong> (com retorno mais lento, em princ\u00edpio):\u00a0 <a href=\"mailto:contato@fima.org.br\">contato@fima.org.br<\/a> ou <a href=\"mailto:fima@fima.org.br\">fima@fima.org.br<\/a><\/h5>\n<h5><em>Agradecemos indica\u00e7\u00f5es de melhorias neste site<\/em>.<\/h5>\n<h5>A sede da <strong>ARI &#8211; Associa\u00e7\u00e3o Riograndense de Imprensa<\/strong> localiza-se em Porto Alegre, Centro Hist\u00f3rico &#8211; Av. Borges de Medeiros, 915 &#8211; Edif\u00edcio Alberto Andr\u00e9. CEP 900020-025 &#8211; email institucional <a href=\"mailto:ari@ari.org.br\" target=\"_blank\" rel=\"noopener\">ari@ari.org.br<\/a>.\u00a0 telefone (51) 3211-1555. \u2014 ver no <a href=\"https:\/\/maps.app.goo.gl\/sabEundfwBbb7uR28\" target=\"_blank\" rel=\"noopener\">mapa do Google<\/a><\/h5>\n<h5>O endere\u00e7o do <em>site<\/em> da ARI \u00e9 <a href=\"http:\/\/www.ari.org.br\" target=\"_blank\" rel=\"noopener\">www.ari.org.br\u00a0<\/a><\/h5>\n<ul>\n<li>\n<h5><strong>Facebook:<\/strong> <a href=\"https:\/\/www.facebook.com\/ImprensaRS\" target=\"_blank\" rel=\"noopener\">https:\/\/www.facebook.com\/ImprensaRS<\/a><\/h5>\n<\/li>\n<li>\n<h5><strong>Instagram<\/strong>: <a href=\"https:\/\/www.instagram.com\/arimprensa\/\" target=\"_blank\" rel=\"noopener\">https:\/\/www.instagram.com\/arimprensa\/<\/a><\/h5>\n<\/li>\n<\/ul>\n<h5><\/h5>\n<p>&nbsp;<\/p>\n","protected":false},"excerpt":{"rendered":"<p>Os contatos sobre o FIMA 2024 para retiradas de d\u00favidas e pedidos de entrevistas podem ser realizados por meio destes contatos WhatsApp: \u2014 Para o p\u00fablico em geral no hor\u00e1rio comercial &#8211; WhatsApp \u2014 Para Jornalistas e fora do hor\u00e1rio comercial \u2014 WhatsApp\u00a0 (e sobre o site e pe\u00e7as de divulga\u00e7\u00e3o do evento) Tanb\u00e9m pode [&hellip;]<\/p>\n","protected":false},"author":1,"featured_media":0,"parent":0,"menu_order":0,"comment_status":"closed","ping_status":"closed","template":"","meta":{"_crdt_document":"","_themeisle_gutenberg_block_has_review":false,"jetpack_post_was_ever_published":false,"footnotes":""},"class_list":["post-100","page","type-page","status-publish","hentry"],"jetpack_sharing_enabled":true,"_links":{"self":[{"href":"https:\/\/fima.org.br\/index.php?rest_route=\/wp\/v2\/pages\/100","targetHints":{"allow":["GET"]}}],"collection":[{"href":"https:\/\/fima.org.br\/index.php?rest_route=\/wp\/v2\/pages"}],"about":[{"href":"https:\/\/fima.org.br\/index.php?rest_route=\/wp\/v2\/types\/page"}],"author":[{"embeddable":true,"href":"https:\/\/fima.org.br\/index.php?rest_route=\/wp\/v2\/users\/1"}],"replies":[{"embeddable":true,"href":"https:\/\/fima.org.br\/index.php?rest_route=%2Fwp%2Fv2%2Fcomments&post=100"}],"version-history":[{"count":8,"href":"https:\/\/fima.org.br\/index.php?rest_route=\/wp\/v2\/pages\/100\/revisions"}],"predecessor-version":[{"id":713,"href":"https:\/\/fima.org.br\/index.php?rest_route=\/wp\/v2\/pages\/100\/revisions\/713"}],"wp:attachment":[{"href":"https:\/\/fima.org.br\/index.php?rest_route=%2Fwp%2Fv2%2Fmedia&parent=100"}],"curies":[{"name":"wp","href":"https:\/\/api.w.org\/{rel}","templated":true}]}}