{"id":11,"date":"2024-02-14T20:51:26","date_gmt":"2024-02-14T23:51:26","guid":{"rendered":"http:\/\/fima.org.br\/?page_id=11"},"modified":"2024-12-06T10:54:15","modified_gmt":"2024-12-06T13:54:15","slug":"programacao-2024","status":"publish","type":"page","link":"https:\/\/fima.org.br\/?page_id=11","title":{"rendered":"Programa\u00e7\u00e3o 2024 e V\u00eddeos"},"content":{"rendered":"\n<h3 class=\"wp-block-heading\"><strong>FIMA \u2013 F\u00f3rum Internacional de Meio Ambiente 2024<\/strong><\/h3>\r\n<h3 class=\"wp-block-heading\"><strong>1\u00ba Mostra Universit\u00e1ria de Jornalismo Ambiental\u00a0<\/strong><\/h3>\r\n<h3 class=\"wp-block-heading\"><br \/><br \/><strong>Tema geral: \u00c1gua e Energias Renov\u00e1veis<br \/><\/strong><\/h3>\r\n<h3 class=\"wp-block-heading\"><strong>Data: 12 e 13 de mar\u00e7o 2024<\/strong><\/h3>\n\n\n\n<p class=\"wp-block-paragraph\"><\/p>\n\n\n\n<p class=\"wp-block-paragraph\"><strong><br>Local: Audit\u00f3rio da Famecos- PUC RS<\/strong> (<a href=\"https:\/\/maps.app.goo.gl\/Vu4MEy1PT1YCS6FYA\" target=\"_blank\" rel=\"noreferrer noopener\">como chegar<\/a>)<\/p>\n\n\n\n<p class=\"wp-block-paragraph\"><strong>Organiza\u00e7\u00e3o:&nbsp;ARI \u2013 Associa\u00e7\u00e3o Riograndense de Imprensa<\/strong>, <strong>Minist\u00e9rio P\u00fablico do RS<\/strong>, <strong>Grupo de Pesquisa em Jornalismo Ambiental (CNPQ\/UFRGS)<\/strong>, <strong>FAMECOS Escola de Comunica\u00e7\u00e3o Arte e Design da PUCRS<\/strong><\/p>\n\n\n\n<p class=\"wp-block-paragraph\"><strong>Apoios: <\/strong>Curso de Jornalismo da FAMECOS-PUC\/RS, AGAPAN \u2013 Associa\u00e7\u00e3o Ga\u00facha de Prote\u00e7\u00e3o ao Ambiente Natural, FIERGS &#8211; Federa\u00e7\u00e3o das Ind\u00fastrias do Rio Grande do Sul, UEE, R\u00e1dio Ipanema Comunit\u00e1ria FM 87,9, CMPC &#8211; Celulose, ABES-RS &#8211; Associa\u00e7\u00e3o Brasileira de Engenharia Sanit\u00e1ria e Ambiental\/RS e BRDE.. <\/p>\n\n\n\n<p class=\"wp-block-paragraph\">&nbsp;<\/p>\n\n\n\n<h5 class=\"wp-block-heading\"><br><\/h5>\n\n\n\n<h2 class=\"wp-block-heading\"><strong>12\/03\/2024 \u2013 Ter\u00e7a-feira<\/strong><\/h2>\n\n\n\n<p class=\"wp-block-paragraph\">&nbsp;<\/p>\n\n\n\n<h3 class=\"wp-block-heading\"><strong>18h<\/strong><\/h3>\n\n\n\n<h4 class=\"wp-block-heading\"><strong>Abertura Musical<\/strong><\/h4>\n\n\n\n<ul class=\"wp-block-list\">\n<li>Apresenta\u00e7\u00e3o das M\u00fasicas &#8220;<strong>Vamos Salvar o Rio dos Sinos<\/strong>&#8221; e tamb\u00e9m &#8220;<strong>Ecologia<\/strong>&#8221; pelo pr\u00f3prio compositor M\u00fasico <strong>Luiz Kur<\/strong> (apresenta\u00e7\u00e3o inclu\u00edda no in\u00edcio do v\u00eddeo da Abertura, abaixo)<\/li>\n<\/ul>\n\n\n\n<h3 class=\"wp-block-heading\"><strong>18h30min<\/strong><\/h3>\n\n\n\n<h4 class=\"wp-block-heading\"><strong>Abertura oficial<\/strong><\/h4>\n\n\n\n<ul class=\"wp-block-list\">\n<li>Jornalista&nbsp;<strong>&nbsp;Jos\u00e9 Nune<\/strong>s-&nbsp; Presidente da&nbsp;<a href=\"http:\/\/www.ari.org.br\/\"><strong>ARI \u2013 Associa\u00e7\u00e3o Riograndense de Imprensa<\/strong><\/a><\/li>\n\n\n\n<li>Procuradora de Justi\u00e7a&nbsp;<strong>Ana Maria Moreira Marchesan<\/strong>&nbsp;\u2013 <strong>Minist\u00e9rio P\u00fablico RS<\/strong>&nbsp; \u2013 Coordenadora do&nbsp;<a href=\"https:\/\/www.mprs.mp.br\/ambiente\/\">CAOMA \/ Centro de Apoio Operacional da Defesa do Meio Ambiente do Minist\u00e9rio P\u00fablico do RS<\/a>.<\/li>\n\n\n\n<li>Professora Doutora&nbsp;<strong>Rosangela Florczack<\/strong>, Decana da <a href=\"https:\/\/www.pucrs.br\/comunicacao\/\"><strong>FAMECOS <\/strong>Escola de Comunica\u00e7\u00e3o, Artes e Design da PUC\/RS<\/a><\/li>\n\n\n\n<li>Professora Doutora&nbsp;<strong>Ilza Girard<\/strong>i, Coordenadora do&nbsp;<a href=\"https:\/\/jornalismoemeioambiente.com\/\"><strong>Grupo de Pesquisa em Jornalismo Ambiental&nbsp;<\/strong><\/a>\/ Programa de P\u00f3s-Gradua\u00e7\u00e3o em Comunica\u00e7\u00e3o da UFRGS<\/li>\n\n\n\n<li>Jornalista e Pesquisador <strong>Heverton Lacerda<\/strong>, Presidente da <strong><a href=\"http:\/\/www.agapan.org.br\" target=\"_blank\" rel=\"noreferrer noopener\">AGAPAN &#8211; Associa\u00e7\u00e3o Ga\u00facha de Prote\u00e7\u00e3o ao Ambiente Natural<\/a><\/strong><\/li>\n\n\n\n<li>Jornalista <strong>Luiz Ot\u00e1vio Prates<\/strong>, <strong>Secret\u00e1rio de Comunica\u00e7\u00e3o do Munic\u00edpio de Porto Alegre<\/strong><\/li>\n<\/ul>\n\n\n\n<figure class=\"wp-block-embed is-type-video is-provider-youtube wp-block-embed-youtube wp-embed-aspect-16-9 wp-has-aspect-ratio\"><div class=\"wp-block-embed__wrapper\">\n<iframe loading=\"lazy\" title=\"12\u00ba FIMA   Mesa de Abertura. 2024\" width=\"640\" height=\"360\" src=\"https:\/\/www.youtube.com\/embed\/ZTAkGh78rmE?feature=oembed\" frameborder=\"0\" allow=\"accelerometer; autoplay; clipboard-write; encrypted-media; gyroscope; picture-in-picture; web-share\" referrerpolicy=\"strict-origin-when-cross-origin\" allowfullscreen><\/iframe>\n<\/div><figcaption class=\"wp-element-caption\">Dura\u00e7\u00e3o do v\u00eddeo: 42min<\/figcaption><\/figure>\n\n\n\n<h3 class=\"wp-block-heading\"><strong>19h30min<\/strong>&nbsp;<\/h3>\n\n\n\n<h4 class=\"wp-block-heading\"><strong>Confer\u00eancia&nbsp; de Abertura&nbsp;<\/strong><\/h4>\n\n\n\n<h3 class=\"wp-block-heading\">\u2014&nbsp;<strong><em>Terra Yanomami: garimpo, crise humanit\u00e1ria e o papel do jornalismo.<\/em><\/strong><\/h3>\n\n\n\n<p class=\"wp-block-paragraph\">Com a presen\u00e7a de <strong>Junior Hekurari Yanomami <\/strong>\u2013 presidente da <strong>Urihi \u2013 Associa\u00e7\u00e3o Yanomami <\/strong>e Conselho Distrital de Sa\u00fade Ind\u00edgena Yanomami \/ Roraima, Brasil \u2014 Defensor da floresta e do povo Yanomami, fundou a organiza\u00e7\u00e3o para ajudar seu povo depois de trabalhar como agente de sa\u00fade. Ativista, denuncia o drama humanit\u00e1rio na terra ind\u00edgena Yanomami, o garimpo ilegal e o desmatamento da Amaz\u00f4nia.<\/p>\n\n\n\n<p class=\"wp-block-paragraph\">&nbsp;<\/p>\n\n\n\n<figure class=\"wp-block-embed is-type-video is-provider-youtube wp-block-embed-youtube wp-embed-aspect-16-9 wp-has-aspect-ratio\"><div class=\"wp-block-embed__wrapper\">\n<iframe loading=\"lazy\" title=\"FIMA 2024 - Confer\u00eancia de Abertura de J\u00fanior Hekurari Yanomami\" width=\"640\" height=\"360\" src=\"https:\/\/www.youtube.com\/embed\/ae4fOEQRuvA?feature=oembed\" frameborder=\"0\" allow=\"accelerometer; autoplay; clipboard-write; encrypted-media; gyroscope; picture-in-picture; web-share\" referrerpolicy=\"strict-origin-when-cross-origin\" allowfullscreen><\/iframe>\n<\/div><figcaption class=\"wp-element-caption\">Dura\u00e7\u00e3o do v\u00eddeo: 1h1min<\/figcaption><\/figure>\n\n\n\n<h2 class=\"wp-block-heading\"><strong>13\/03\/2024 \u2013 Quarta-feira<\/strong><\/h2>\n\n\n\n<h3 class=\"wp-block-heading\"><strong>8h30min<\/strong><\/h3>\n\n\n\n<p class=\"wp-block-paragraph\">\u2013 Painel I&nbsp; \u2013&nbsp;<strong><em>Papel da Imprensa na Cobertura sobre \u00c1gua e Energias Renov\u00e1veis<\/em><\/strong><\/p>\n\n\n\n<ul class=\"wp-block-list\">\n<li><strong>Ge\u00f3rgia Santos \u2014 &nbsp;<\/strong>jornalista e Cientista Pol\u00edtica. Editora-executiva, colunista, rep\u00f3rter e podcaster do&nbsp;<strong><a href=\"http:\/\/www.vos.social\/\">portal V\u00f3s<\/a><\/strong>. Doutora em Ci\u00eancias Sociais. Foi rep\u00f3rter, editora e \u00e2ncora nas r\u00e1dios Gua\u00edba e Ga\u00facha.<\/li>\n\n\n\n<li><strong>Eliege Fante \u2014 &nbsp;&nbsp;<\/strong>&nbsp;jornalista freelancer e pesquisadora independente, Doutora em Comunica\u00e7\u00e3o e Informa\u00e7\u00e3o pelo Programa de P\u00f3s-Gradua\u00e7\u00e3o (PPGCOM) da UFRGS.&nbsp;<\/li>\n\n\n\n<li><strong>D\u00e9bora Gallas:&nbsp;<\/strong>jornalista, doutora em Comunica\u00e7\u00e3o e Informa\u00e7\u00e3o pela UFRGS. Integrante do Grupo de Pesquisa em Jornalismo Ambiental. Coordenadora de projetos na <strong><a href=\"https:\/\/abori.com.br\/\" target=\"_blank\" rel=\"noreferrer noopener\">Ag\u00eancia Bori<\/a>.<\/strong> Colaboradora da rede Ressoa Oceano.<\/li>\n\n\n\n<li><strong>Silvia Franz Marcuzzo \u2014 &nbsp;<\/strong>jornalista e consultora socioambiental, atuando na \u00e1rea de comunica\u00e7\u00e3o e meio ambiente h\u00e1 mais de 30 anos. \u00c9&nbsp;<a href=\"https:\/\/sler.com.br\/?s=silvia+marcuzzo\"><strong>colunista da SLER<\/strong><\/a>. Mestranda em Comunica\u00e7\u00e3o na PUCRS<\/li>\n\n\n\n<li><\/li>\n\n\n\n<li><strong>Media\u00e7\u00e3o: Ilza Girardi<\/strong> \u2014 &nbsp;professora do Programa de P\u00f3s-Gradua\u00e7\u00e3o em Comunica\u00e7\u00e3o da UFRGS, fundadora e l\u00edder do&nbsp;<strong><a href=\"http:\/\/www.jornalismoemeioambiente.com\/\">GPJA \u2013 Grupo de Pesquisa Jornalismo Ambiental<\/a>&nbsp;(C<\/strong>NPq\/UFRGS). Doutora em Comunica\u00e7\u00e3o pela USP.&nbsp;&nbsp;<\/li>\n<\/ul>\n\n\n\n<figure class=\"wp-block-embed is-type-video is-provider-youtube wp-block-embed-youtube wp-embed-aspect-16-9 wp-has-aspect-ratio\"><div class=\"wp-block-embed__wrapper\">\n<iframe loading=\"lazy\" title=\"Painel Papel da Imprensa na Cobertura sobre \u00c1gua e Energias Renov\u00e1veis\" width=\"640\" height=\"360\" src=\"https:\/\/www.youtube.com\/embed\/6-HoCXoa0Wg?feature=oembed\" frameborder=\"0\" allow=\"accelerometer; autoplay; clipboard-write; encrypted-media; gyroscope; picture-in-picture; web-share\" referrerpolicy=\"strict-origin-when-cross-origin\" allowfullscreen><\/iframe>\n<\/div><figcaption class=\"wp-element-caption\">Dura\u00e7\u00e3o do v\u00eddeo: 1h53min<\/figcaption><\/figure>\n\n\n\n<h3 class=\"wp-block-heading\"><strong>10h30min<\/strong><\/h3>\n\n\n\n<p><strong>\u2013 Painel II \u2013\u00a0<em>Ind\u00fastria Ga\u00facha: \u00c1gua e Transi\u00e7\u00e3o Energ\u00e9tica<\/em><\/strong><\/p>\r\n<ul>\n\n\n\n<ul class=\"wp-block-list\">\n<li><strong>Jorge Pican\u00e7o de Figueiredo <\/strong>\u2014 Professor &#8211; Coordenador do Laborat\u00f3rio de An\u00e1lise de Bacias Sedimentares (LABAS) &#8211; Departamento de Geologia\/IGEO\/CCMN\/UFRJ<\/li>\n\n\n\n<li><strong>Daniela Cardeal \u2013&nbsp;&nbsp;<\/strong>presidente do Sindienergia\/RS. Engenheira Civil<\/li>\n\n\n\n<li><strong>Darci Campani,<\/strong> diretor-tesoureiro da ABES\/RS, professor da UFRGS. Doutor em Engenharia.<\/li>\n\n\n\n<li><strong>Fabiani Vitt,<\/strong> Engenheira Qu\u00edmica, Chefe do Departamento de Licenciamento e Controle da FEPAM.<\/li>\n\n\n\n<li><strong>Nelson Ferreira Fontoura <\/strong>\u2014 Professor. Diretor do Instituto de Meio Ambiente da PUCRS<br><\/li>\n<\/ul>\n\n\n\n\n\n<li><strong>Media\u00e7\u00e3o: Jos\u00e9 Nunes&nbsp;<\/strong>\u2013&nbsp; presidente da ARI<\/li>\n\n\n\n<figure class=\"wp-block-embed is-type-video is-provider-youtube wp-block-embed-youtube wp-embed-aspect-16-9 wp-has-aspect-ratio\"><div class=\"wp-block-embed__wrapper\">\n<iframe loading=\"lazy\" title=\"Painel II \u2013 Ind\u00fastria Ga\u00facha: \u00c1gua e Transi\u00e7\u00e3o Energ\u00e9tica\" width=\"640\" height=\"360\" src=\"https:\/\/www.youtube.com\/embed\/ZK4Vx4z6Dko?feature=oembed\" frameborder=\"0\" allow=\"accelerometer; autoplay; clipboard-write; encrypted-media; gyroscope; picture-in-picture; web-share\" referrerpolicy=\"strict-origin-when-cross-origin\" allowfullscreen><\/iframe>\n<\/div><figcaption class=\"wp-element-caption\">Dura\u00e7\u00e3o do v\u00eddeo: 2h2min.<\/figcaption><\/figure>\n\n\n\n<h3 class=\"wp-block-heading\"><strong>13h30min<\/strong><\/h3>\n\n\n\n<p class=\"wp-block-paragraph\">\u2014 <strong>Ana Paula Pulito<\/strong> &#8211; Gerente de Sustentabilidade da CMPC\/Brasil &#8211; sobre &#8220;<strong>Estrat\u00e9gias da CMPC para ser l\u00edder global em sustentabilidade no setor de celulose e papel&#8221;<\/strong>.\u00a0 Ap\u00f3s, debate.\u00a0<br><br><\/p>\n\n\n\n<figure class=\"wp-block-embed is-type-video is-provider-youtube wp-block-embed-youtube wp-embed-aspect-16-9 wp-has-aspect-ratio\"><div class=\"wp-block-embed__wrapper\">\n<iframe loading=\"lazy\" title=\"Estrat\u00e9gias da CMPC para ser l\u00edder global em sustentabilidade no setor de celulose e papel\" width=\"640\" height=\"360\" src=\"https:\/\/www.youtube.com\/embed\/00SMnBH6kTo?feature=oembed\" frameborder=\"0\" allow=\"accelerometer; autoplay; clipboard-write; encrypted-media; gyroscope; picture-in-picture; web-share\" referrerpolicy=\"strict-origin-when-cross-origin\" allowfullscreen><\/iframe>\n<\/div><\/figure>\n\n\n\n<div class=\"wp-block-group\"><div class=\"wp-block-group__inner-container is-layout-constrained wp-block-group-is-layout-constrained\">\n<p><\/p>\n<p><\/p>\n<p class=\"wp-block-paragraph\"><\/p>\n<p><\/p>\n<p class=\"wp-block-paragraph\" style=\"text-align: center;\">Dura\u00e7\u00e3o do v\u00eddeo: 54 minutos<\/p>\n<h3><strong>14h15min<\/strong><\/h3>\n<p><\/p>\n<p><\/p>\n<p class=\"wp-block-paragraph\">\u2014\u00a0 <strong>Rodrigo\u00a0Lopes <\/strong>\u2013 jornalista, correspondente internacional na Zero Hora e Grupo RBS \u2014 <em style=\"font-weight: bold;\">Articula\u00e7\u00f5es internacionais \u2013 O que fica da COP 28 na Imprensa?<\/em><\/p>\n<p><strong>\u2014 Carla Gaudensi<\/strong> &#8211; Secret\u00e1ria-geral da Federa\u00e7\u00e3o Argentina de Trabalhadores e Trabalhadoras da Imprensa\u00a0 (FATPREN). Secretaria adjunta no Sindicato dos Jornalistas de Buenos Aires (SiPreBA). Jornalista na Ag\u00eancia Nacional de Not\u00edcias\u00a0 (Telam) \u2014 <strong>O Governo Milei e o Meio Ambiente<\/strong><\/p>\n<ul>\n<li><strong>Media\u00e7\u00e3o: Heverton Lacerda \u2013\u00a0<\/strong>jornalista e presidente da\u00a0<strong>AGAPAN \u2013 Associa\u00e7\u00e3o Ga\u00facha de Prote\u00e7\u00e3o ao Ambiente Natural \u2014 <\/strong>com a participa\u00e7\u00e3o da pesquisadora e professora<strong> Eloise Beling Loose, do GPJA &#8211; Grupo de Pesquisa em Jornalismo Ambiental.\u00a0<\/strong><\/li>\n<\/ul>\n<p>A seguir, a<strong> \u00edntegra<\/strong> do painel das 14h15min, incluindo a fala de Rodrigo Lopes, Carla Gaudensi, coment\u00e1rios da media\u00e7\u00e3o e da plat\u00e9ia:<\/p>\n<p><iframe loading=\"lazy\" title=\"2024   Apresenta\u00e7\u00f5es de Rodrigo Lopes e Carla Gaudensi\" width=\"640\" height=\"360\" src=\"https:\/\/www.youtube.com\/embed\/ZQiszuS0y3Q?feature=oembed\" frameborder=\"0\" allow=\"accelerometer; autoplay; clipboard-write; encrypted-media; gyroscope; picture-in-picture; web-share\" referrerpolicy=\"strict-origin-when-cross-origin\" allowfullscreen><\/iframe><\/p>\n<p><\/p>\n<p><\/p>\n<p class=\"wp-block-paragraph\"><\/p>\n<p><\/p>\n<h3><strong>15h45min<\/strong><\/h3>\n<p class=\"wp-block-paragraph\"><\/p>\n<p><\/p>\n<p class=\"wp-block-paragraph\">\u2014 Painel III \u2013\u00a0<strong><em>A vis\u00e3o das ONGs sobre Energias Renov\u00e1veis<\/em><\/strong><\/p>\n<p><\/p>\n<p><\/p>\n<ul class=\"wp-block-list\">\n<li style=\"list-style-type: none;\">\n<ul>\n<li><strong>Paulo Brack\u00a0 \u2013\u00a0<\/strong>Coordenador-geral do\u00a0<strong><a href=\"http:\/\/www.inga.org.br\/\">InG\u00e1 \u2013 Instituto Ga\u00facho de Estudos Ambientais<\/a><\/strong>, \u00e9 Professor Titular do Departamento de Bot\u00e2nica da UFRGS\u00a0\u00a0<strong>video<\/strong><\/li>\n<li><strong>Francisco Milanez \u2013\u00a0\u00a0<\/strong>Bi\u00f3logo e Arquiteto \u2013 Doutor em Educa\u00e7\u00e3o. Presidente do Conselho T\u00e9cnico-Cient\u00edfico da\u00a0<a href=\"http:\/\/www.agapan.org.br\/\"><strong>AGAPAN \u2013 Associa\u00e7\u00e3o Ga\u00facha de Prote\u00e7\u00e3o ao Ambiente Natural<\/strong><\/a><\/li>\n<li><strong>Lucia Schild Ortiz \u2013<\/strong>\u00a0Ge\u00f3loga. Mestre em Geoci\u00eancias com \u00eanfase em Geoqu\u00edmica, ex-presidenta da\u00a0<strong><a href=\"http:\/\/www.amigosdaterrabrasil.org.br\/\">Amigas da Terra Brasil<\/a>\u00a0<\/strong>e integrante do Comit\u00ea Executivo da Federa\u00e7\u00e3o Internacional\u00a0\u00a0<a href=\"https:\/\/foe.org\/\"><strong>Friends of the Earth<\/strong><\/a><strong>.\u00a0<\/strong>Tema \u201c<em>Transi\u00e7\u00e3o Energ\u00e9tica Justa\u201d<\/em><\/li>\n<li><strong>Ligia Miranda\u00a0<\/strong>\u2013\u00a0 presidente do\u00a0<strong><a href=\"https:\/\/todavidaoscip.wixsite.com\/meusite\">Instituto TodaVida<\/a><\/strong>. Engenharia Civil com mestrado em Transportes pela USP e MBA em Gest\u00e3o Ambiental pela Universidade Gama Filho.<\/li>\n<li><strong>Media\u00e7\u00e3o: Jo\u00e3o Batista Santaf\u00e9 Aguiar<\/strong>\u2013 diretor de Meio Ambiente da\u00a0<a href=\"http:\/\/www.ari.org.br\/\">ARI \u2013 Associa\u00e7\u00e3o Riograndense de Imprensa<\/a>. Jornalista<\/li>\n<\/ul>\n<\/li>\n<\/ul>\n<p><iframe loading=\"lazy\" title=\"2024  FIMA   Painel A Visa\u0303o das ONGs\" width=\"640\" height=\"360\" src=\"https:\/\/www.youtube.com\/embed\/mAIN5DSONdY?feature=oembed\" frameborder=\"0\" allow=\"accelerometer; autoplay; clipboard-write; encrypted-media; gyroscope; picture-in-picture; web-share\" referrerpolicy=\"strict-origin-when-cross-origin\" allowfullscreen><\/iframe><\/p>\n<p><\/p>\n<p><\/p>\n<ul>\n<li style=\"list-style-type: none;\">\u00a0<\/li>\n<\/ul>\n<h3><strong>18h30min<\/strong><\/h3>\n<p>\u2014 Leitura da <strong>Carta do 12\u00ba FIMA<\/strong> pela jornalista <strong>Jurema Josefa<\/strong>, presidente em exerc\u00edcio do Conselho Deliberativo da <strong>ARI &#8211; Associa\u00e7\u00e3o Riograndense de Imprensa<\/strong>:<\/p>\n<p><iframe loading=\"lazy\" title=\"2024   FIMA   Leitura da Carta do 12\u00ba FIMA, por Jurema Josefa HD 720p\" width=\"640\" height=\"360\" src=\"https:\/\/www.youtube.com\/embed\/6z4hXtQEz08?feature=oembed\" frameborder=\"0\" allow=\"accelerometer; autoplay; clipboard-write; encrypted-media; gyroscope; picture-in-picture; web-share\" referrerpolicy=\"strict-origin-when-cross-origin\" allowfullscreen><\/iframe><\/p>\n<h3>\u00a0<\/h3>\n<h3><strong>Veja mais sobre os <a href=\"https:\/\/fima.org.br\/palestrantes\">painelistas\/palestrantes neste link<\/a><\/strong><\/h3>\n<p><\/p>\n<p><\/p>\n<p class=\"wp-block-paragraph\"><\/p>\n<\/div><\/div>\n\n\n\n<p class=\"wp-block-paragraph\"><\/p>\n\n\n\n<p class=\"wp-block-paragraph\"><\/p>\n","protected":false},"excerpt":{"rendered":"<p>FIMA \u2013 F\u00f3rum Internacional de Meio Ambiente 2024 1\u00ba Mostra Universit\u00e1ria de Jornalismo Ambiental\u00a0 Tema geral: \u00c1gua e Energias Renov\u00e1veis Data: 12 e 13 de mar\u00e7o 2024 Local: Audit\u00f3rio da Famecos- PUC RS (como chegar) Organiza\u00e7\u00e3o:&nbsp;ARI \u2013 Associa\u00e7\u00e3o Riograndense de Imprensa, Minist\u00e9rio P\u00fablico do RS, Grupo de Pesquisa em Jornalismo Ambiental (CNPQ\/UFRGS), FAMECOS Escola de [&hellip;]<\/p>\n","protected":false},"author":1,"featured_media":0,"parent":0,"menu_order":0,"comment_status":"closed","ping_status":"closed","template":"","meta":{"_crdt_document":"","_themeisle_gutenberg_block_has_review":false,"jetpack_post_was_ever_published":false,"footnotes":""},"class_list":["post-11","page","type-page","status-publish","hentry"],"jetpack_sharing_enabled":true,"_links":{"self":[{"href":"https:\/\/fima.org.br\/index.php?rest_route=\/wp\/v2\/pages\/11","targetHints":{"allow":["GET"]}}],"collection":[{"href":"https:\/\/fima.org.br\/index.php?rest_route=\/wp\/v2\/pages"}],"about":[{"href":"https:\/\/fima.org.br\/index.php?rest_route=\/wp\/v2\/types\/page"}],"author":[{"embeddable":true,"href":"https:\/\/fima.org.br\/index.php?rest_route=\/wp\/v2\/users\/1"}],"replies":[{"embeddable":true,"href":"https:\/\/fima.org.br\/index.php?rest_route=%2Fwp%2Fv2%2Fcomments&post=11"}],"version-history":[{"count":88,"href":"https:\/\/fima.org.br\/index.php?rest_route=\/wp\/v2\/pages\/11\/revisions"}],"predecessor-version":[{"id":693,"href":"https:\/\/fima.org.br\/index.php?rest_route=\/wp\/v2\/pages\/11\/revisions\/693"}],"wp:attachment":[{"href":"https:\/\/fima.org.br\/index.php?rest_route=%2Fwp%2Fv2%2Fmedia&parent=11"}],"curies":[{"name":"wp","href":"https:\/\/api.w.org\/{rel}","templated":true}]}}