{"id":1424,"date":"2025-03-31T23:17:52","date_gmt":"2025-04-01T02:17:52","guid":{"rendered":"https:\/\/fima.org.br\/?page_id=1424"},"modified":"2025-07-30T11:03:53","modified_gmt":"2025-07-30T14:03:53","slug":"videos-2025","status":"publish","type":"page","link":"https:\/\/fima.org.br\/?page_id=1424","title":{"rendered":"V\u00eddeos 2025"},"content":{"rendered":"<p>Abaixo os links para os arquivos de v\u00eddeo da transmiss\u00e3o do<strong> YouTube, separados por turno:<\/strong><\/p>\n<p>&nbsp;<\/p>\n<p>26\/3\/2025 \u2013\u00a0<strong><a href=\"https:\/\/www.youtube.com\/watch?v=qaI7QF3E1PE\" target=\"_blank\" rel=\"noreferrer noopener\">Manh\u00e3 do primeiro dia<\/a><\/strong><\/p>\n<p>26\/3\/2025 \u2013\u00a0<strong><a href=\"https:\/\/www.youtube.com\/watch?v=o-x6HMqt1L8\" target=\"_blank\" rel=\"noreferrer noopener\">Tarde do primeiro dia<\/a><\/strong><\/p>\n<p>27\/3\/2025 \u2013\u00a0<a href=\"https:\/\/www.youtube.com\/watch?v=Xn7sr4BDPhw\" target=\"_blank\" rel=\"noreferrer noopener\"><strong>Manh\u00e3 do segundo dia<\/strong><\/a><\/p>\n<p>27\/3\/2025 \u2013\u00a0<a href=\"https:\/\/www.youtube.com\/watch?v=yRO6q2PzibY\" target=\"_blank\" rel=\"noreferrer noopener\"><strong>Tarde do segundo dia<\/strong><\/a><\/p>\n<p>&nbsp;<\/p>\n<p>Para os v\u00eddeos separados por pain\u00e9is, <a href=\"https:\/\/fima.org.br\/?page_id=786\"><strong>acesse aqui<\/strong><\/a><\/p>\n","protected":false},"excerpt":{"rendered":"<p>Abaixo os links para os arquivos de v\u00eddeo da transmiss\u00e3o do YouTube, separados por turno: &nbsp; 26\/3\/2025 \u2013\u00a0Manh\u00e3 do primeiro dia 26\/3\/2025 \u2013\u00a0Tarde do primeiro dia 27\/3\/2025 \u2013\u00a0Manh\u00e3 do segundo dia 27\/3\/2025 \u2013\u00a0Tarde do segundo dia &nbsp; Para os v\u00eddeos separados por pain\u00e9is, acesse aqui<\/p>\n","protected":false},"author":1,"featured_media":0,"parent":0,"menu_order":0,"comment_status":"closed","ping_status":"closed","template":"","meta":{"_crdt_document":"","_themeisle_gutenberg_block_has_review":false,"jetpack_post_was_ever_published":false,"footnotes":""},"class_list":["post-1424","page","type-page","status-publish","hentry"],"jetpack_sharing_enabled":true,"_links":{"self":[{"href":"https:\/\/fima.org.br\/index.php?rest_route=\/wp\/v2\/pages\/1424","targetHints":{"allow":["GET"]}}],"collection":[{"href":"https:\/\/fima.org.br\/index.php?rest_route=\/wp\/v2\/pages"}],"about":[{"href":"https:\/\/fima.org.br\/index.php?rest_route=\/wp\/v2\/types\/page"}],"author":[{"embeddable":true,"href":"https:\/\/fima.org.br\/index.php?rest_route=\/wp\/v2\/users\/1"}],"replies":[{"embeddable":true,"href":"https:\/\/fima.org.br\/index.php?rest_route=%2Fwp%2Fv2%2Fcomments&post=1424"}],"version-history":[{"count":2,"href":"https:\/\/fima.org.br\/index.php?rest_route=\/wp\/v2\/pages\/1424\/revisions"}],"predecessor-version":[{"id":1517,"href":"https:\/\/fima.org.br\/index.php?rest_route=\/wp\/v2\/pages\/1424\/revisions\/1517"}],"wp:attachment":[{"href":"https:\/\/fima.org.br\/index.php?rest_route=%2Fwp%2Fv2%2Fmedia&parent=1424"}],"curies":[{"name":"wp","href":"https:\/\/api.w.org\/{rel}","templated":true}]}}