{"id":1524,"date":"2026-02-06T18:09:28","date_gmt":"2026-02-06T21:09:28","guid":{"rendered":"https:\/\/fima.org.br\/?page_id=1524"},"modified":"2026-03-30T10:11:05","modified_gmt":"2026-03-30T13:11:05","slug":"divulgacao-2026","status":"publish","type":"page","link":"https:\/\/fima.org.br\/?page_id=1524","title":{"rendered":"*Divulga\u00e7\u00f5es"},"content":{"rendered":"\r\n<p class=\"wp-block-paragraph\">O <strong>FIMA<\/strong> \u00e9 uma realiza\u00e7\u00e3o da <strong>ARI<\/strong> e \u00e9 divulgada pelos meios de comunica\u00e7\u00e3o. Aqui, publicaremos links para as mat\u00e9rias publicadas sobre o evento. Ah, se o <em>link<\/em> bater em algum ve\u00edculo que exija assinatura, por favor, n\u00e3o se acanhe e ap\u00f3ie o ve\u00edculo acertando a colabora\u00e7\u00e3o. <strong>Jornalismo tem custo sim<\/strong>.<\/p>\r\n<p>2026-03-30 &#8211; Jornal Zero Hora &#8211; <strong><a href=\"https:\/\/gauchazh.clicrbs.com.br\/opiniao\/noticia\/2026\/03\/saneamento-saude-publica-e-as-licoes-de-lutzenberger-cmn9mnorj029l015vu7wk29fd.html\">Saneamento, sa\u00fade p\u00fablica e as li\u00e7\u00f5es de Lutzenberger,<\/a><\/strong> por <strong>Jos\u00e9 Nunes<\/strong>, presidente da Associa\u00e7\u00e3o Riograndense de Imprensa<\/p>\r\n<p>2026-03-26 &#8211; Jornal O Sul &#8211; <strong><a href=\"http:\/\/FIMA 2026: res\u00edduos s\u00f3lidos e saneamento em debate no 14\u00ba F\u00f3rum Internacional do Meio Ambiente\">FIMA 2026: res\u00edduos s\u00f3lidos e saneamento em debate no 14\u00ba F\u00f3rum Internacional do Meio Ambiente<\/a>, <\/strong>por <strong>Renato Zimmermann.\u00a0<\/strong><\/p>\r\n<p>2026-03-23 &#8211; Telha do Tiago &#8211; <strong><a href=\"https:\/\/telhadotiago.wordpress.com\/2026\/03\/23\/jornalismo-e-saneamento-debate-no-14o-fima\/\">Jornalismo e saneamento: debate no 14\u00ba FIMA<\/a>, <\/strong>por<strong> Tiago Medina.\u00a0<\/strong><\/p>\r\n<p>2026-03-22 \u2014 ARI \u2014 <a href=\"https:\/\/ari.org.br\/carta-do-14o-forum-internacional-do-meio-ambiente-fima\/\"><strong>Carta do 14\u00ba F\u00f3rum Internacional do Meio Ambiente (FIMA)<\/strong><\/a><\/p>\r\n<p>2026-03-20 &#8211; Vera Guimar\u00e3es \/ ARI &#8211; <a href=\"https:\/\/www.instagram.com\/p\/DWIoONvDWGf\/?img_index=1\"><strong>Homenagem a Jos\u00e9 Lutzenberger<\/strong><\/a> \u2014\u00a0 <strong>Instagram (fotos)<\/strong><\/p>\r\n<p>2026-03-20 &#8211; Chico Izidro \/ ARI &#8211; <strong><a href=\"https:\/\/www.instagram.com\/p\/DWHE3goAJus\/\">A 14a. Edi\u00e7\u00e3o do F\u00f3rum Internacional do Meio Ambiente teve in\u00edcio na manh\u00e3 desta sexta-feira<\/a> &#8211; Instagram (fotos)<\/strong><\/p>\r\n<p>2026-03-20 &#8211; Jornal J\u00e1 \u2014 <strong><a href=\"https:\/\/www.jornalja.com.br\/ambiente\/saneamento-residuos-e-o-legado-de-lutzenberger-em-pauta-no-forum-internacional-do-meio-ambiente\/\">Saneamento, res\u00edduos e o legado de Lutzenberger em pauta no F\u00f3rum Internacional do Meio Ambiente<\/a><\/strong><\/p>\r\n<p>2026-03-19 &#8211; Jornal do Com\u00e9rcio &#8211; <strong><a href=\"https:\/\/www.jornaldocomercio.com\/geral\/2026\/03\/1241276-forum-do-meio-ambiente-debate-saneamento-e-residuos-em-porto-alegre.html\">F\u00f3rum do Meio Ambiente debate saneamento e lembra legado de Lutzenberger<\/a><\/strong><\/p>\r\n<p>2026-03-19 &#8211; AgirAzul.com \u2014\u00a0<a href=\"https:\/\/agirazul.com\/arquivos\/22682\"><strong>Forum Internacional do Meio Ambiente \u00e9 amanh\u00e3 e s\u00e1bado &#8211; Evento homenageia Jos\u00e9 Lutzenberger no seu ano do centen\u00e1rio de nascimento<\/strong><\/a><\/p>\r\n<p>2026-03-18 &#8211; Universidade FEEVALE &#8211;\u00a0 <a href=\"https:\/\/www.feevale.br\/acontece\/noticias\/associacao-riograndense-de-imprensa-reconhece-o-legado-de-jose-lutzenberger\"><b>Associa\u00e7\u00e3o Riograndense de Imprensa reconhece o legado de Jos\u00e9 Lutzenberger<\/b><\/a><\/p>\r\n<p>2026-03-17 &#8211; Coletiva.net \u2014 <a href=\"https:\/\/coletiva.net\/noticias\/fima-2026-presta-homenagem-a-lutzenberger-e-reforca-debate-ambiental\/?utm_campaign=R%C3%A1dio+Gua%C3%ADba+anuncia+Jo%C3%A3o+Paulo+Fontoura+no+%E2%80%98Ganhando+o+Jogo%E2%80%99&amp;utm_content=Fima+2026+presta+homenagem+a+Lutzenberger+e+refor%C3%A7a+debate+ambiental+-+Coletiva&amp;utm_medium=email&amp;utm_source=dinamize&amp;utm_term=R%C3%A1dio+Gua%C3%ADba+anuncia+Jo%C3%A3o+Paulo+Fontoura+no+%E2%80%98Ganhando+o+Jogo%E2%80%99\"><strong>Fima 2026 presta homenagem a Lutzenberger e refor\u00e7a debate ambiental<\/strong><\/a><\/p>\r\n<p>2026-03-17 &#8211; Revista Plurale \u2014<strong><a href=\"https:\/\/www.plurale.com.br\/site\/agenda-detalhes.php?cod=7427&amp;q=FIMA+2026+-+Evento+coordenado+pela+ARI+%E2%80%93+Associa%C3%A7%C3%A3o+Riograndense+de+Imprensa+-+Saneamente+e+res%C3%ADduos+-+Jornalista+S%C3%B4nia+Araripe+participar%C3%A1+on-line&amp;bsc=ativar\">FIMA 2026 &#8211; Evento coordenado pela ARI \u2013 Associa\u00e7\u00e3o Riograndense de Imprensa &#8211; Saneamento e res\u00edduos &#8211; Jornalista S\u00f4nia Araripe participar\u00e1 on-line<\/a><\/strong><\/p>\r\n<p>2026-03-17 &#8211; UFRGS FABICO \u2014\u00a0 <a href=\"https:\/\/www.ufrgs.br\/fabico\/2026\/03\/17\/jornalismo-ambiental-em-destaque-no-fima-2026-sonia-araripe-e-a-trajetoria-da-revista-plurale-fortalecem-o-debate-sobre-saneamento-e-sustentabilidade\/\"><strong>Jornalismo ambiental em destaque no FIMA 2026: Sonia Araripe e a trajet\u00f3ria da Revista Plurale fortalecem o debate sobre saneamento e sustentabilidade<\/strong><\/a><\/p>\r\n<p>2026-03-17 &#8211; Nosso Bem Estar &#8211; <strong><a href=\"https:\/\/www.nossobemestar.com\/conteudo\/eu-transformo\/14_fima_comemora_os_100_anos_de_jose_lutzenberger\/\">14\u00ba FIMA comemora os 100 anos de Jos\u00e9 Lutzenberger<\/a><\/strong><\/p>\r\n<p>2026-03-16 &#8211; Da Praia News &#8211; <a href=\"https:\/\/dapraianews.com.br\/noticia\/8361\/litoral-norte-sera-destaque-no-14--forum-internacional-do-meio-ambiente-promovido-pela-associacao-riograndense-de-imprensa\"><strong>Litoral Norte ser\u00e1 destaque no 14\u00ba F\u00f3rum Internacional do Meio Ambiente promovido pela Associa\u00e7\u00e3o Riograndense de Imprensa<\/strong><\/a><\/p>\r\n<p>2026-03- 16 &#8211; O Sul &#8211;\u00a0 <a href=\"https:\/\/www.osul.com.br\/porto-alegre-na-rota-da-sustentabilidade-biotech-fair-e-fima-iluminam-o-futuro-verde\/\"><strong>Porto Alegre na rota da sustentabilidade: BioTECH Fair e FIMA iluminam o futuro verde<\/strong><\/a>, por Renato Zimmermann<\/p>\r\n\r\n\r\n\r\n<p class=\"wp-block-paragraph\">\u2014 13 de mar\u00e7o de 2026<\/p>\r\n\r\n\r\n\r\n<figure class=\"wp-block-image size-large\"><img loading=\"lazy\" decoding=\"async\" width=\"683\" height=\"1024\" class=\"wp-image-2035\" src=\"https:\/\/fima.org.br\/wp-content\/uploads\/2026\/03\/CartazComCRVR-683x1024.png\" alt=\"\" srcset=\"https:\/\/fima.org.br\/wp-content\/uploads\/2026\/03\/CartazComCRVR-683x1024.png 683w, https:\/\/fima.org.br\/wp-content\/uploads\/2026\/03\/CartazComCRVR-200x300.png 200w, https:\/\/fima.org.br\/wp-content\/uploads\/2026\/03\/CartazComCRVR-768x1152.png 768w, https:\/\/fima.org.br\/wp-content\/uploads\/2026\/03\/CartazComCRVR-1024x1536.png 1024w, https:\/\/fima.org.br\/wp-content\/uploads\/2026\/03\/CartazComCRVR-1366x2048.png 1366w, https:\/\/fima.org.br\/wp-content\/uploads\/2026\/03\/CartazComCRVR-scaled.png 1707w\" sizes=\"auto, (max-width: 683px) 100vw, 683px\" \/><\/figure>\r\n\r\n\r\n\r\n<h5 class=\"wp-block-heading\">&#8211; 13 de mar\u00e7o de 2026<\/h5>\r\n\r\n\r\n\r\n<figure class=\"wp-block-gallery has-nested-images columns-default is-cropped wp-block-gallery-1 is-layout-flex wp-block-gallery-is-layout-flex\">\r\n<figure class=\"wp-block-image size-large\"><img loading=\"lazy\" decoding=\"async\" width=\"819\" height=\"1024\" data-id=\"2034\" class=\"wp-image-2034\" src=\"https:\/\/fima.org.br\/wp-content\/uploads\/2026\/03\/CardAlineComCRVR-819x1024.png\" alt=\"\" srcset=\"https:\/\/fima.org.br\/wp-content\/uploads\/2026\/03\/CardAlineComCRVR-819x1024.png 819w, https:\/\/fima.org.br\/wp-content\/uploads\/2026\/03\/CardAlineComCRVR-240x300.png 240w, https:\/\/fima.org.br\/wp-content\/uploads\/2026\/03\/CardAlineComCRVR-768x961.png 768w, https:\/\/fima.org.br\/wp-content\/uploads\/2026\/03\/CardAlineComCRVR.png 1080w\" sizes=\"auto, (max-width: 819px) 100vw, 819px\" \/><\/figure>\r\n\r\n\r\n\r\n<figure class=\"wp-block-image size-large\"><img loading=\"lazy\" decoding=\"async\" width=\"819\" height=\"1024\" data-id=\"2033\" class=\"wp-image-2033\" src=\"https:\/\/fima.org.br\/wp-content\/uploads\/2026\/03\/Card-AnaMarchesan-12-3-2026-819x1024.png\" alt=\"\" srcset=\"https:\/\/fima.org.br\/wp-content\/uploads\/2026\/03\/Card-AnaMarchesan-12-3-2026-819x1024.png 819w, https:\/\/fima.org.br\/wp-content\/uploads\/2026\/03\/Card-AnaMarchesan-12-3-2026-240x300.png 240w, https:\/\/fima.org.br\/wp-content\/uploads\/2026\/03\/Card-AnaMarchesan-12-3-2026-768x961.png 768w, https:\/\/fima.org.br\/wp-content\/uploads\/2026\/03\/Card-AnaMarchesan-12-3-2026.png 1080w\" sizes=\"auto, (max-width: 819px) 100vw, 819px\" \/><\/figure>\r\n\r\n\r\n\r\n<figure class=\"wp-block-image size-large\"><img loading=\"lazy\" decoding=\"async\" width=\"819\" height=\"1024\" data-id=\"2032\" class=\"wp-image-2032\" src=\"https:\/\/fima.org.br\/wp-content\/uploads\/2026\/03\/Card-Philomena-13-3-2026-819x1024.png\" alt=\"\" srcset=\"https:\/\/fima.org.br\/wp-content\/uploads\/2026\/03\/Card-Philomena-13-3-2026-819x1024.png 819w, https:\/\/fima.org.br\/wp-content\/uploads\/2026\/03\/Card-Philomena-13-3-2026-240x300.png 240w, https:\/\/fima.org.br\/wp-content\/uploads\/2026\/03\/Card-Philomena-13-3-2026-768x961.png 768w, https:\/\/fima.org.br\/wp-content\/uploads\/2026\/03\/Card-Philomena-13-3-2026.png 1080w\" sizes=\"auto, (max-width: 819px) 100vw, 819px\" \/><\/figure>\r\n\r\n\r\n\r\n<figure class=\"wp-block-image size-large\"><img loading=\"lazy\" decoding=\"async\" width=\"819\" height=\"1024\" data-id=\"2031\" class=\"wp-image-2031\" src=\"https:\/\/fima.org.br\/wp-content\/uploads\/2026\/03\/Card-Bruna-13-6-2026-819x1024.png\" alt=\"\" srcset=\"https:\/\/fima.org.br\/wp-content\/uploads\/2026\/03\/Card-Bruna-13-6-2026-819x1024.png 819w, https:\/\/fima.org.br\/wp-content\/uploads\/2026\/03\/Card-Bruna-13-6-2026-240x300.png 240w, https:\/\/fima.org.br\/wp-content\/uploads\/2026\/03\/Card-Bruna-13-6-2026-768x961.png 768w, https:\/\/fima.org.br\/wp-content\/uploads\/2026\/03\/Card-Bruna-13-6-2026.png 1080w\" sizes=\"auto, (max-width: 819px) 100vw, 819px\" \/><\/figure>\r\n\r\n\r\n\r\n<figure class=\"wp-block-image size-large\"><img loading=\"lazy\" decoding=\"async\" width=\"818\" height=\"1024\" data-id=\"2030\" class=\"wp-image-2030\" src=\"https:\/\/fima.org.br\/wp-content\/uploads\/2026\/03\/Card-Carla-13-3-2026-818x1024.png\" alt=\"\" srcset=\"https:\/\/fima.org.br\/wp-content\/uploads\/2026\/03\/Card-Carla-13-3-2026-818x1024.png 818w, https:\/\/fima.org.br\/wp-content\/uploads\/2026\/03\/Card-Carla-13-3-2026-240x300.png 240w, https:\/\/fima.org.br\/wp-content\/uploads\/2026\/03\/Card-Carla-13-3-2026-768x961.png 768w, https:\/\/fima.org.br\/wp-content\/uploads\/2026\/03\/Card-Carla-13-3-2026-1228x1536.png 1228w, https:\/\/fima.org.br\/wp-content\/uploads\/2026\/03\/Card-Carla-13-3-2026.png 1485w\" sizes=\"auto, (max-width: 818px) 100vw, 818px\" \/><\/figure>\r\n\r\n\r\n\r\n<figure class=\"wp-block-image size-large\"><img loading=\"lazy\" decoding=\"async\" width=\"818\" height=\"1024\" data-id=\"2029\" class=\"wp-image-2029\" src=\"https:\/\/fima.org.br\/wp-content\/uploads\/2026\/03\/Card-LaraEly-13-3-2026-818x1024.png\" alt=\"\" srcset=\"https:\/\/fima.org.br\/wp-content\/uploads\/2026\/03\/Card-LaraEly-13-3-2026-818x1024.png 818w, https:\/\/fima.org.br\/wp-content\/uploads\/2026\/03\/Card-LaraEly-13-3-2026-240x300.png 240w, https:\/\/fima.org.br\/wp-content\/uploads\/2026\/03\/Card-LaraEly-13-3-2026-768x961.png 768w, https:\/\/fima.org.br\/wp-content\/uploads\/2026\/03\/Card-LaraEly-13-3-2026-1228x1536.png 1228w, https:\/\/fima.org.br\/wp-content\/uploads\/2026\/03\/Card-LaraEly-13-3-2026.png 1350w\" sizes=\"auto, (max-width: 818px) 100vw, 818px\" \/><\/figure>\r\n\r\n\r\n\r\n<figure class=\"wp-block-image size-large\"><img loading=\"lazy\" decoding=\"async\" width=\"819\" height=\"1024\" data-id=\"2028\" class=\"wp-image-2028\" src=\"https:\/\/fima.org.br\/wp-content\/uploads\/2026\/03\/Card-LaraLutz-13-3-2026-819x1024.png\" alt=\"\" srcset=\"https:\/\/fima.org.br\/wp-content\/uploads\/2026\/03\/Card-LaraLutz-13-3-2026-819x1024.png 819w, https:\/\/fima.org.br\/wp-content\/uploads\/2026\/03\/Card-LaraLutz-13-3-2026-240x300.png 240w, https:\/\/fima.org.br\/wp-content\/uploads\/2026\/03\/Card-LaraLutz-13-3-2026-768x961.png 768w, https:\/\/fima.org.br\/wp-content\/uploads\/2026\/03\/Card-LaraLutz-13-3-2026.png 1215w\" sizes=\"auto, (max-width: 819px) 100vw, 819px\" \/><\/figure>\r\n\r\n\r\n\r\n<figure class=\"wp-block-image size-large\"><img loading=\"lazy\" decoding=\"async\" width=\"819\" height=\"1024\" data-id=\"2027\" class=\"wp-image-2027\" src=\"https:\/\/fima.org.br\/wp-content\/uploads\/2026\/03\/CardLilian13-3-2026-819x1024.png\" alt=\"\" srcset=\"https:\/\/fima.org.br\/wp-content\/uploads\/2026\/03\/CardLilian13-3-2026-819x1024.png 819w, https:\/\/fima.org.br\/wp-content\/uploads\/2026\/03\/CardLilian13-3-2026-240x300.png 240w, https:\/\/fima.org.br\/wp-content\/uploads\/2026\/03\/CardLilian13-3-2026-768x961.png 768w, https:\/\/fima.org.br\/wp-content\/uploads\/2026\/03\/CardLilian13-3-2026.png 1080w\" sizes=\"auto, (max-width: 819px) 100vw, 819px\" \/><\/figure>\r\n\r\n\r\n\r\n<figure class=\"wp-block-image size-large\"><img loading=\"lazy\" decoding=\"async\" width=\"819\" height=\"1024\" data-id=\"2026\" class=\"wp-image-2026\" src=\"https:\/\/fima.org.br\/wp-content\/uploads\/2026\/03\/Card-Paulo-Robinson-13-3-2026-819x1024.png\" alt=\"\" srcset=\"https:\/\/fima.org.br\/wp-content\/uploads\/2026\/03\/Card-Paulo-Robinson-13-3-2026-819x1024.png 819w, https:\/\/fima.org.br\/wp-content\/uploads\/2026\/03\/Card-Paulo-Robinson-13-3-2026-240x300.png 240w, https:\/\/fima.org.br\/wp-content\/uploads\/2026\/03\/Card-Paulo-Robinson-13-3-2026-768x961.png 768w, https:\/\/fima.org.br\/wp-content\/uploads\/2026\/03\/Card-Paulo-Robinson-13-3-2026.png 1080w\" sizes=\"auto, (max-width: 819px) 100vw, 819px\" \/><\/figure>\r\n\r\n\r\n\r\n<figure class=\"wp-block-image size-large\"><img loading=\"lazy\" decoding=\"async\" width=\"819\" height=\"1024\" data-id=\"2025\" class=\"wp-image-2025\" src=\"https:\/\/fima.org.br\/wp-content\/uploads\/2026\/03\/Card-Sirlei-13-3-2026-819x1024.png\" alt=\"\" srcset=\"https:\/\/fima.org.br\/wp-content\/uploads\/2026\/03\/Card-Sirlei-13-3-2026-819x1024.png 819w, https:\/\/fima.org.br\/wp-content\/uploads\/2026\/03\/Card-Sirlei-13-3-2026-240x300.png 240w, https:\/\/fima.org.br\/wp-content\/uploads\/2026\/03\/Card-Sirlei-13-3-2026-768x961.png 768w, https:\/\/fima.org.br\/wp-content\/uploads\/2026\/03\/Card-Sirlei-13-3-2026.png 1080w\" sizes=\"auto, (max-width: 819px) 100vw, 819px\" \/><\/figure>\r\n\r\n\r\n\r\n<figure class=\"wp-block-image size-large\"><img loading=\"lazy\" decoding=\"async\" width=\"819\" height=\"1024\" data-id=\"2024\" class=\"wp-image-2024\" src=\"https:\/\/fima.org.br\/wp-content\/uploads\/2026\/03\/Card-Sonia-13-3-2026-819x1024.png\" alt=\"\" srcset=\"https:\/\/fima.org.br\/wp-content\/uploads\/2026\/03\/Card-Sonia-13-3-2026-819x1024.png 819w, https:\/\/fima.org.br\/wp-content\/uploads\/2026\/03\/Card-Sonia-13-3-2026-240x300.png 240w, https:\/\/fima.org.br\/wp-content\/uploads\/2026\/03\/Card-Sonia-13-3-2026-768x961.png 768w, https:\/\/fima.org.br\/wp-content\/uploads\/2026\/03\/Card-Sonia-13-3-2026.png 1080w\" sizes=\"auto, (max-width: 819px) 100vw, 819px\" \/><\/figure>\r\n\r\n\r\n\r\n<figure class=\"wp-block-image size-large\"><img loading=\"lazy\" decoding=\"async\" width=\"819\" height=\"1024\" data-id=\"2023\" class=\"wp-image-2023\" src=\"https:\/\/fima.org.br\/wp-content\/uploads\/2026\/03\/Card-Tiago-13-3-2026-819x1024.png\" alt=\"\" srcset=\"https:\/\/fima.org.br\/wp-content\/uploads\/2026\/03\/Card-Tiago-13-3-2026-819x1024.png 819w, https:\/\/fima.org.br\/wp-content\/uploads\/2026\/03\/Card-Tiago-13-3-2026-240x300.png 240w, https:\/\/fima.org.br\/wp-content\/uploads\/2026\/03\/Card-Tiago-13-3-2026-768x961.png 768w, https:\/\/fima.org.br\/wp-content\/uploads\/2026\/03\/Card-Tiago-13-3-2026.png 1080w\" sizes=\"auto, (max-width: 819px) 100vw, 819px\" \/><\/figure>\r\n\r\n\r\n\r\n<figure class=\"wp-block-image size-large\"><img loading=\"lazy\" decoding=\"async\" width=\"819\" height=\"1024\" data-id=\"2022\" class=\"wp-image-2022\" src=\"https:\/\/fima.org.br\/wp-content\/uploads\/2026\/03\/Card-Wesley-13-3-2026-819x1024.png\" alt=\"\" srcset=\"https:\/\/fima.org.br\/wp-content\/uploads\/2026\/03\/Card-Wesley-13-3-2026-819x1024.png 819w, https:\/\/fima.org.br\/wp-content\/uploads\/2026\/03\/Card-Wesley-13-3-2026-240x300.png 240w, https:\/\/fima.org.br\/wp-content\/uploads\/2026\/03\/Card-Wesley-13-3-2026-768x961.png 768w, https:\/\/fima.org.br\/wp-content\/uploads\/2026\/03\/Card-Wesley-13-3-2026.png 1080w\" sizes=\"auto, (max-width: 819px) 100vw, 819px\" \/><\/figure>\r\n\r\n\r\n\r\n<figure class=\"wp-block-image size-large\"><img loading=\"lazy\" decoding=\"async\" width=\"819\" height=\"1024\" data-id=\"2037\" class=\"wp-image-2037\" src=\"https:\/\/fima.org.br\/wp-content\/uploads\/2026\/03\/Car-Joelson-13-3-2026-819x1024.png\" alt=\"\" srcset=\"https:\/\/fima.org.br\/wp-content\/uploads\/2026\/03\/Car-Joelson-13-3-2026-819x1024.png 819w, https:\/\/fima.org.br\/wp-content\/uploads\/2026\/03\/Car-Joelson-13-3-2026-240x300.png 240w, https:\/\/fima.org.br\/wp-content\/uploads\/2026\/03\/Car-Joelson-13-3-2026-768x961.png 768w, https:\/\/fima.org.br\/wp-content\/uploads\/2026\/03\/Car-Joelson-13-3-2026.png 1080w\" sizes=\"auto, (max-width: 819px) 100vw, 819px\" \/><\/figure>\r\n<\/figure>\r\n\r\n\r\n\r\n<p class=\"wp-block-paragraph\">&nbsp;<\/p>\r\n\r\n\r\n\r\n<ul class=\"wp-block-list\">\r\n<li>Acompanhe as publica\u00e7\u00f5es sobre o FIMA 2025 <strong><a href=\"https:\/\/fima.org.br\/?page_id=784\">neste link<\/a><\/strong><\/li>\r\n<\/ul>\r\n","protected":false},"excerpt":{"rendered":"<p>O FIMA \u00e9 uma realiza\u00e7\u00e3o da ARI e \u00e9 divulgada pelos meios de comunica\u00e7\u00e3o. Aqui, publicaremos links para as mat\u00e9rias publicadas sobre o evento. Ah, se o link bater em algum ve\u00edculo que exija assinatura, por favor, n\u00e3o se acanhe e ap\u00f3ie o ve\u00edculo acertando a colabora\u00e7\u00e3o. Jornalismo tem custo sim. 2026-03-30 &#8211; Jornal Zero [&hellip;]<\/p>\n","protected":false},"author":1,"featured_media":0,"parent":0,"menu_order":0,"comment_status":"closed","ping_status":"closed","template":"","meta":{"_crdt_document":"","_themeisle_gutenberg_block_has_review":false,"footnotes":""},"class_list":["post-1524","page","type-page","status-publish","hentry"],"jetpack_sharing_enabled":true,"_links":{"self":[{"href":"https:\/\/fima.org.br\/index.php?rest_route=\/wp\/v2\/pages\/1524","targetHints":{"allow":["GET"]}}],"collection":[{"href":"https:\/\/fima.org.br\/index.php?rest_route=\/wp\/v2\/pages"}],"about":[{"href":"https:\/\/fima.org.br\/index.php?rest_route=\/wp\/v2\/types\/page"}],"author":[{"embeddable":true,"href":"https:\/\/fima.org.br\/index.php?rest_route=\/wp\/v2\/users\/1"}],"replies":[{"embeddable":true,"href":"https:\/\/fima.org.br\/index.php?rest_route=%2Fwp%2Fv2%2Fcomments&post=1524"}],"version-history":[{"count":39,"href":"https:\/\/fima.org.br\/index.php?rest_route=\/wp\/v2\/pages\/1524\/revisions"}],"predecessor-version":[{"id":2227,"href":"https:\/\/fima.org.br\/index.php?rest_route=\/wp\/v2\/pages\/1524\/revisions\/2227"}],"wp:attachment":[{"href":"https:\/\/fima.org.br\/index.php?rest_route=%2Fwp%2Fv2%2Fmedia&parent=1524"}],"curies":[{"name":"wp","href":"https:\/\/api.w.org\/{rel}","templated":true}]}}