{"id":28,"date":"2024-02-14T21:48:39","date_gmt":"2024-02-15T00:48:39","guid":{"rendered":"http:\/\/fima.org.br\/?page_id=28"},"modified":"2026-02-09T11:10:38","modified_gmt":"2026-02-09T14:10:38","slug":"sobre-a-ari-2024","status":"publish","type":"page","link":"https:\/\/fima.org.br\/?page_id=28","title":{"rendered":"Sobre a ARI"},"content":{"rendered":"\n<p class=\"wp-block-paragraph\"><\/p>\n\n\n\n<p class=\"wp-block-paragraph\">A <strong>ARI &#8211; Associa\u00e7\u00e3o RIograndense de Imprensa <\/strong>completou em dezembro de 2025 seus 90 anos de exist\u00eancia. Re\u00fane jornalistas, RPs, publicit\u00e1rios, empres\u00e1rios e trabalhadores das empresas de comunica\u00e7\u00e3o.<\/p>\n\n\n\n<p class=\"wp-block-paragraph\">A sede da&nbsp;<strong>ARI \u2013 Associa\u00e7\u00e3o Riograndense de Imprensa<\/strong>&nbsp;localiza-se em Porto Alegre, Centro Hist\u00f3rico \u2013 Av. Borges de Medeiros, 915 \u2013 Edif\u00edcio Alberto Andr\u00e9. CEP 90020-025<\/p>\n\n\n\n<ul class=\"wp-block-list\">\n<li>\u2014 <strong>WhatsApp <\/strong>institucional: <a href=\"http:\/\/wa.me\/555132111555\"><strong>whats<\/strong><\/a><\/li>\n\n\n\n<li>\u2014 <strong>Email institucional\u00a0<a href=\"mailto:ari@ari.org.br\" target=\"_blank\" rel=\"noreferrer noopener\">ari@ari.org.br<\/a>.<\/strong>\u00a0<\/li>\n\n\n\n<li>\u2014 <strong>Telefone <\/strong>(51) 3211-1555 \u2014 ver no\u00a0<a href=\"https:\/\/maps.app.goo.gl\/sabEundfwBbb7uR28\" target=\"_blank\" rel=\"noreferrer noopener\"><strong>mapa do Google<\/strong><\/a><\/li>\n<\/ul>\n\n\n\n<p class=\"wp-block-paragraph\">Mais informa\u00e7\u00f5es sobre a ARI em <a href=\"http:\/\/www.ari.org.br\"><strong>www.ari.org.br<\/strong><\/a><\/p>\n\n\n\n<h3 class=\"wp-block-heading\"><\/h3>\n\n\n\n<p class=\"wp-block-paragraph\">&nbsp;<\/p>\n\n\n\n<p class=\"wp-block-paragraph\"><\/p>\n","protected":false},"excerpt":{"rendered":"<p>A ARI &#8211; Associa\u00e7\u00e3o RIograndense de Imprensa completou em dezembro de 2025 seus 90 anos de exist\u00eancia. Re\u00fane jornalistas, RPs, publicit\u00e1rios, empres\u00e1rios e trabalhadores das empresas de comunica\u00e7\u00e3o. A sede da&nbsp;ARI \u2013 Associa\u00e7\u00e3o Riograndense de Imprensa&nbsp;localiza-se em Porto Alegre, Centro Hist\u00f3rico \u2013 Av. Borges de Medeiros, 915 \u2013 Edif\u00edcio Alberto Andr\u00e9. CEP 90020-025 Mais informa\u00e7\u00f5es [&hellip;]<\/p>\n","protected":false},"author":1,"featured_media":0,"parent":0,"menu_order":0,"comment_status":"closed","ping_status":"closed","template":"","meta":{"_crdt_document":"","_themeisle_gutenberg_block_has_review":false,"jetpack_post_was_ever_published":false,"footnotes":""},"class_list":["post-28","page","type-page","status-publish","hentry"],"jetpack_sharing_enabled":true,"_links":{"self":[{"href":"https:\/\/fima.org.br\/index.php?rest_route=\/wp\/v2\/pages\/28","targetHints":{"allow":["GET"]}}],"collection":[{"href":"https:\/\/fima.org.br\/index.php?rest_route=\/wp\/v2\/pages"}],"about":[{"href":"https:\/\/fima.org.br\/index.php?rest_route=\/wp\/v2\/types\/page"}],"author":[{"embeddable":true,"href":"https:\/\/fima.org.br\/index.php?rest_route=\/wp\/v2\/users\/1"}],"replies":[{"embeddable":true,"href":"https:\/\/fima.org.br\/index.php?rest_route=%2Fwp%2Fv2%2Fcomments&post=28"}],"version-history":[{"count":8,"href":"https:\/\/fima.org.br\/index.php?rest_route=\/wp\/v2\/pages\/28\/revisions"}],"predecessor-version":[{"id":1661,"href":"https:\/\/fima.org.br\/index.php?rest_route=\/wp\/v2\/pages\/28\/revisions\/1661"}],"wp:attachment":[{"href":"https:\/\/fima.org.br\/index.php?rest_route=%2Fwp%2Fv2%2Fmedia&parent=28"}],"curies":[{"name":"wp","href":"https:\/\/api.w.org\/{rel}","templated":true}]}}