{"id":6,"date":"2024-02-14T20:48:16","date_gmt":"2024-02-14T23:48:16","guid":{"rendered":"http:\/\/fima.org.br\/?page_id=6"},"modified":"2024-03-05T15:25:04","modified_gmt":"2024-03-05T18:25:04","slug":"fima-2024","status":"publish","type":"page","link":"https:\/\/fima.org.br\/?page_id=6","title":{"rendered":"O que \u00e9 o FIMA 2024"},"content":{"rendered":"\n<h2 class=\"wp-block-heading\">12\u00ba F\u00f3rum Internacional de Meio Ambiente<\/h2>\n\n\n\n<h3 class=\"wp-block-heading\">Tema: \u00c1gua e Energias Renov\u00e1veis<\/h3>\n\n\n\n<h5 class=\"wp-block-heading\">O\u00a0<strong>FIMA \u2013 F\u00f3rum Internacional do Meio Ambiente\u00a0<\/strong>2024 organizado pela\u00a0<strong>ARI \u2013 Associa\u00e7\u00e3o Riograndense de Imprensa, Minist\u00e9rio P\u00fablico do RS, Escola de Comunica\u00e7\u00e3o, Artes e Design &#8211; FAMECOS da PUCRS, <\/strong>e pelo\u00a0<strong>GPJA \u2013 Grupo de Pesquisa em Jornalismo Ambiental (CNPQ\/UFRGS) <\/strong>\u00a0objetiva \u00a0trazer quest\u00f5es relevantes do ponto de vista pol\u00edtico, social e ambiental para promover debate e aprendizagens a estudantes, jornalistas e p\u00fablico em geral. \u00a0<\/h5>\n\n\n\n<h5 class=\"wp-block-heading\">O tema \u201c<strong>\u00c1gua e Energias Renov\u00e1veis<\/strong>\u201d possibilitar\u00e1 reflex\u00f5es sobre as formas de produ\u00e7\u00e3o de energia e o uso da \u00e1gua, principalmente em temas contempor\u00e2neos como o hidrog\u00eanio verde e a produ\u00e7\u00e3o de energia e\u00f3lica, com as implica\u00e7\u00f5es da implanta\u00e7\u00e3o de fazendas de aerogeradores em lagoas e nas \u00e1reas litor\u00e2neas, no mar. \u00a0Proporcionar\u00e1 tamb\u00e9m informa\u00e7\u00f5es atualizadas sobre a trag\u00e9dia da minera\u00e7\u00e3o na terra Yanomami, no norte do Brasil, com a polui\u00e7\u00e3o por merc\u00fario dos rios e cursos d\u2019\u00e1gua.<\/h5>\n\n\n\n<h5 class=\"wp-block-heading\">O tema escolhido envolve dois grandes desafios atuais da humanidade: preservar a qualidade e a riqueza ecol\u00f3gica da \u00e1gua do Planeta e equilibrar o aumento da demanda de energia com a necessidade de preserva\u00e7\u00e3o da natureza. <\/h5>\n\n\n\n<h5 class=\"wp-block-heading\">A \u00e1gua \u00e9 vida e recurso vital e os cuidados para seu uso consciente se torna cada vez mais urgente diante das crise clim\u00e1tica e do crescimento populacional, o que leva \u00e0 urgente busca por solu\u00e7\u00f5es ecologicamente sustent\u00e1veis. Energias n\u00e3o poluentes s\u00e3o vi\u00e1veis e reduzem ou eliminam nossa depend\u00eancia de fontes como os combust\u00edveis f\u00f3sseis, que contribuem para o aumento das emiss\u00f5es de gases de efeito estufa e o aquecimento global. A busca por energias renov\u00e1veis como a solar, e\u00f3lica, hidrel\u00e9trica e biomassa, em um contexto social justo, promove a diminui\u00e7\u00e3o das emiss\u00f5es e atividades econ\u00f4micas ainda mais sustent\u00e1veis. Prop\u00f5e-se discuss\u00e3o aprofundada sobre o \u201cUso da \u00c1gua e as Energias Renov\u00e1veis\u201d, com o objetivo de buscar solu\u00e7\u00f5es inovadoras e socialmente justas globalmente e em n\u00edvel local.<\/h5>\n\n\n\n<h5 class=\"wp-block-heading\">Segundo a Organiza\u00e7\u00e3o das Na\u00e7\u00f5es Unidas (ONU), cerca de 2 bilh\u00f5es de pessoas no mundo n\u00e3o t\u00eam acesso a \u00e1gua pot\u00e1vel. Estima-se que at\u00e9 2050, cerca de 5 bilh\u00f5es de pessoas poder\u00e3o sofrer com escassez de \u00e1gua devido ao aumento da demanda e \u00e0s mudan\u00e7as clim\u00e1ticas. Tamb\u00e9m os ecossistemas com fauna e flora nativas s\u00e3o prejudicados por este tipo de desenvolvimento. <\/h5>\n\n\n\n<h5 class=\"wp-block-heading\">A energia hidrel\u00e9trica \u00e9 a fonte renov\u00e1vel mais utilizada globalmente, com forte impacto em comunidades e na natureza, representando cerca de 16% da eletricidade gerada no mundo. O uso de energia solar cresceu cerca de 22% ao ano na \u00faltima d\u00e9cada, tornando-se uma das fontes de energia renov\u00e1vel mais promissora. De acordo com a\u00a0 <em>IRENA<\/em> &#8211; <em>Ag\u00eancia Internacional de Energia Renov\u00e1vel<\/em> , as energias renov\u00e1veis podem representar at\u00e9 86% da gera\u00e7\u00e3o global de energia el\u00e9trica at\u00e9 2050, se forem adotadas pol\u00edticas adequadas \u2014 ecol\u00f3gica, econ\u00f4mica e socialmente justas, com justi\u00e7a clim\u00e1tica.<\/h5>\n\n\n\n<h5 class=\"wp-block-heading\">Torna-se evidente a necessidade de discutir e promover o uso da \u00e1gua e o desenvolvimento das energias renov\u00e1veis como parte fundamental da agenda ambiental global.<\/h5>\n\n\n\n<p class=\"wp-block-paragraph\"><\/p>\n\n\n\n<p class=\"wp-block-paragraph\">(v5-3-24)<\/p>\n","protected":false},"excerpt":{"rendered":"<p>12\u00ba F\u00f3rum Internacional de Meio Ambiente Tema: \u00c1gua e Energias Renov\u00e1veis O\u00a0FIMA \u2013 F\u00f3rum Internacional do Meio Ambiente\u00a02024 organizado pela\u00a0ARI \u2013 Associa\u00e7\u00e3o Riograndense de Imprensa, Minist\u00e9rio P\u00fablico do RS, Escola de Comunica\u00e7\u00e3o, Artes e Design &#8211; FAMECOS da PUCRS, e pelo\u00a0GPJA \u2013 Grupo de Pesquisa em Jornalismo Ambiental (CNPQ\/UFRGS) \u00a0objetiva \u00a0trazer quest\u00f5es relevantes do ponto [&hellip;]<\/p>\n","protected":false},"author":1,"featured_media":0,"parent":0,"menu_order":0,"comment_status":"closed","ping_status":"closed","template":"","meta":{"_crdt_document":"","_themeisle_gutenberg_block_has_review":false,"jetpack_post_was_ever_published":false,"footnotes":""},"class_list":["post-6","page","type-page","status-publish","hentry"],"jetpack_sharing_enabled":true,"_links":{"self":[{"href":"https:\/\/fima.org.br\/index.php?rest_route=\/wp\/v2\/pages\/6","targetHints":{"allow":["GET"]}}],"collection":[{"href":"https:\/\/fima.org.br\/index.php?rest_route=\/wp\/v2\/pages"}],"about":[{"href":"https:\/\/fima.org.br\/index.php?rest_route=\/wp\/v2\/types\/page"}],"author":[{"embeddable":true,"href":"https:\/\/fima.org.br\/index.php?rest_route=\/wp\/v2\/users\/1"}],"replies":[{"embeddable":true,"href":"https:\/\/fima.org.br\/index.php?rest_route=%2Fwp%2Fv2%2Fcomments&post=6"}],"version-history":[{"count":6,"href":"https:\/\/fima.org.br\/index.php?rest_route=\/wp\/v2\/pages\/6\/revisions"}],"predecessor-version":[{"id":487,"href":"https:\/\/fima.org.br\/index.php?rest_route=\/wp\/v2\/pages\/6\/revisions\/487"}],"wp:attachment":[{"href":"https:\/\/fima.org.br\/index.php?rest_route=%2Fwp%2Fv2%2Fmedia&parent=6"}],"curies":[{"name":"wp","href":"https:\/\/api.w.org\/{rel}","templated":true}]}}