{"id":60,"date":"2024-02-15T11:12:25","date_gmt":"2024-02-15T14:12:25","guid":{"rendered":"http:\/\/fima.org.br\/?page_id=60"},"modified":"2024-12-06T15:45:44","modified_gmt":"2024-12-06T18:45:44","slug":"mostra-2024","status":"publish","type":"page","link":"https:\/\/fima.org.br\/?page_id=60","title":{"rendered":"Mostra Universit\u00e1ria 2024"},"content":{"rendered":"<h1><b>Murais mostraram reportagens sobre quest\u00f5es ambientais durante o 12\u00ba FIMA<\/b><\/h1>\n<h5>\u00a0<\/h5>\n<h5>20\/3\/2024 \u2014 Pela primeira vez quando da ocorr\u00eancia do F\u00f3rum foi realizada a <strong>1\u00aa Mostra Universit\u00e1ria de Jornalismo Ambiental<\/strong> sob a curadoria t\u00e9cnica do <strong><a href=\"https:\/\/jornalismoemeioambiente.com\/\" target=\"_blank\" rel=\"noopener\">Grupo de Pesquisa em Jornalismo Ambiental &#8211; GPJ<\/a>A<\/strong> vinculado ao programa de p\u00f3s-gradua\u00e7\u00e3o em Comunica\u00e7\u00e3o da UFRGS.<\/h5>\n<h5>Os murais foram dispostos na entrada do audit\u00f3rio onde se realizaram as atividades do FIMA.<\/h5>\n\n\n<\/h5>\n<figure class=\"wp-block-image size-large\"><img loading=\"lazy\" decoding=\"async\" width=\"1024\" height=\"576\" class=\"wp-image-586\" src=\"https:\/\/fima.org.br\/wp-content\/uploads\/2024\/03\/WhatsApp-Image-2024-03-18-at-21.49.38-1024x576.jpeg\" alt=\"\" srcset=\"https:\/\/fima.org.br\/wp-content\/uploads\/2024\/03\/WhatsApp-Image-2024-03-18-at-21.49.38-1024x576.jpeg 1024w, https:\/\/fima.org.br\/wp-content\/uploads\/2024\/03\/WhatsApp-Image-2024-03-18-at-21.49.38-300x169.jpeg 300w, https:\/\/fima.org.br\/wp-content\/uploads\/2024\/03\/WhatsApp-Image-2024-03-18-at-21.49.38-768x432.jpeg 768w, https:\/\/fima.org.br\/wp-content\/uploads\/2024\/03\/WhatsApp-Image-2024-03-18-at-21.49.38-1536x864.jpeg 1536w, https:\/\/fima.org.br\/wp-content\/uploads\/2024\/03\/WhatsApp-Image-2024-03-18-at-21.49.38.jpeg 1600w\" sizes=\"auto, (max-width: 1024px) 100vw, 1024px\" \/><\/figure>\n<h5>\n\n\n<h5>\u00a0<\/h5>\n<h5>\u00a0<\/h5>\n<h3>Considerando que houve de fato poucos dias para o envio de material entre a divulga\u00e7\u00e3o e o evento, veja agora os trabalhos que foram remetidos para a 1\u00aa Mostra:<\/h3>\n<h4>&#8211; <em><strong>A natureza morta que reside no cora\u00e7\u00e3o da cidade Apesar da polui\u00e7\u00e3o no Arroio Dil\u00favio, uma escassa fauna sobrevive na principal art\u00e9ria da cidade<\/strong><\/em>, de Fran B. Geyer e Theo Giacobbe. <a href=\"https:\/\/drive.google.com\/file\/d\/18dr2SWay5F73MJe37SIRhQLjXGW1OZpr\/view?usp=sharing\" target=\"_blank\" rel=\"noopener\">Link para PDF (tr\u00eas p\u00e1ginas)<\/a><\/h4>\n<h4>\u2014 <em><strong>Dia dos Povos Ind\u00edgenas: 523 anos de resist\u00eancia contra os estigmas<\/strong><\/em>, de Luisa Teixeira Mendon\u00e7a\u00a0 &#8211; Publica\u00e7\u00e3o: 19\/04\/2023 Professora respons\u00e1vel: Eloisa Beling Loose Disciplina: Jornalismo e Meio Ambiente CATEGORIA REPORTAGEM &#8211; CURSO DE JORNALISMO &#8211; FABICO &#8211; UFRGS &#8211; <a href=\"https:\/\/drive.google.com\/file\/d\/14-BmTTNhVFik5TEEpi0xx74ZxDYEqYL1\/view?usp=sharing\" target=\"_blank\" rel=\"noopener\">Link para PDF\u00a0<\/a><\/h4>\n<h4><strong>\u2014 <em>palavra terra \u2014 Podcast jornal\u00edstico que prop\u00f5e di\u00e1logos sobre as causas dos eventos clim\u00e1ticos extremos recentes, investiga o que nos trouxe at\u00e9 as atuais crises ambientais e tra\u00e7a panoramas para o futuro.<\/em><\/strong> \u2022 Primeira temporada (2023) com oito epis\u00f3dios (cerca de 20 min. cada), num total de 150 min. de conte\u00fado; \u2022 Abordagem ancorada em entrevistas com especialistas e com atores da discuss\u00e3o clim\u00e1tica no Brasil, observando pesquisas e proposi\u00e7\u00f5es para o cen\u00e1rio de crise; \u2022 Gravado no Laborat\u00f3rio de R\u00e1dio da UFSM FW; \u2022 Produ\u00e7\u00e3o: Yasmmin Ferreira e Jo\u00e3o Neto; \u2022 Supervis\u00e3o: Profs. Cl\u00e1udia Moraes e Reges Schwaab; \u2022 Transmitido semanal pela R\u00e1dio Comunit\u00e1ria de Frederico Westphalen-RS, e dispon\u00edvel na plataforma Spotify; &#8211;\u00a0<a href=\"https:\/\/drive.google.com\/file\/d\/1QEfD15-iejyhLOJPbZK6dd1-0JMREAt4\/view?usp=sharing\" target=\"_blank\" rel=\"noopener\">Link para o PDF<\/a> &#8211;\u00a0 <a href=\"https:\/\/open.spotify.com\/show\/2hVvjSkQq9IH5tAjOzojNk?si=tr5vVjiwRmuEHaduTpJ4Sg\" target=\"_blank\" rel=\"noopener\">Link para o Podcast no Spotify. \u00a0<\/a><\/h4>\n<h4><em><strong>\u2014 Observat\u00f3rio de Jornalismo Ambiental\u00a0 &#8211; OJA<\/strong><\/em>\u2014 Aluna bolsista: Clara Aguiar da Silva Orientadoras: Profa.Dra. Ilza Maria Tourinho Girardi e Profa.Dra. Eloisa Beling Loose Faculdade de Biblioteconomia e Comunica\u00e7\u00e3o (Fabico) da Universidade Federal do Rio Grande do Sul (UFRGS) &#8211;<a href=\"https:\/\/drive.google.com\/file\/d\/1d26BK0bQ0pzkH5rqNGrz_VYCmWIxjIo0\/view?usp=sharing\"> Link para o PDF<\/a><a href=\"http:\/\/jornalismoemeioambiente.com\" target=\"_blank\" rel=\"noopener\"> \u2014 Link para o site Jornalismo e Meio Ambiente\u00a0<\/a>\u2014 <a href=\"https:\/\/www.instagram.com\/jornalismoemeioambiente\/\" target=\"_blank\" rel=\"noopener\">Link para o Instagram<\/a><\/h4>\n<h4>\u2014 <em><strong>Cen\u00e1rio p\u00f3s-ciclone no Morro da Cruz<\/strong> <\/em>\u2014 de Beatriz Ilibio Moro e Isabelle Rieger, disciplina de Fotojornalismo II da Universidade Federal do Rio Grande do Sul (UFRGS), professora orientadora: Dra. Ana Tais Martins \u2014 <a href=\"https:\/\/drive.google.com\/file\/d\/1TBgID_epRI4-_spVQClWfo4FJ_rs6HLv\/view?usp=sharing\" target=\"_blank\" rel=\"noopener\">Link para o PDF<\/a><\/h4>\n<h4>\u2014 <em><strong>Agroecologia: o caminho para alimentar o Brasil A agricultura familiar e a agroecologia como aliados na constru\u00e7\u00e3o de pol\u00edticas p\u00fablicas para o combate \u00e0 fome<\/strong> <\/em>\u00a0\u2014 Universidade Federal do Rio Grande do Sul &#8211; Faculdade de Biblioteconomia e Comunica\u00e7\u00e3o &#8211; FABICO Aluna: Ana Terra Firmino Disciplina: Jornalismo e Meio Ambiente Professora: Eloisa Beling Loose &#8211; 28\/5\/2023 &#8211;\u00a0 <a href=\"https:\/\/drive.google.com\/file\/d\/1OL_w5LwXbv6TErmdIh7_PUfAck0nf923\/view?usp=sharing\" target=\"_blank\" rel=\"noopener\">Link para o PDF<\/a> &#8211; <a href=\"https:\/\/medium.com\/@anaterrafirmino\/meio-ambiente-ccec96e79d03\" target=\"_blank\" rel=\"noopener\">Link para a \u00edntegra da mat\u00e9ria na plataforma Medium<\/a><\/h4>\n<h3>A organiza\u00e7\u00e3o do 12\u00ba FIMA decidiu incluir na amostra, com o apoio da SEMA &#8211; Secretaria Estadual do Meio Ambiente do RS, os \u00faltimos ganhadores do pr\u00eamio <strong>SEMA-FEPAM de Jornalismo Ambiental<\/strong>, na categoria Universit\u00e1ria, na Mostra.\u00a0 Seguem os trabalhos ganhadores de 2023 e 2021:\u00a0<\/h3>\n<h2>2023<\/h2>\n<h4><strong>\u2014 1\u00b0 Lugar no Pr\u00eamio SEMA-FEPAM de Jornalismo Ambiental \/ 2023<\/strong> &#8211; Categoria Jornalismo Universit\u00e1rio \u2014 <em><strong>No calor das chamas: o perigo vivido na &#8220;zona de sacrif\u00edcio&#8221; de uma refinaria \u2014 Res\u00edduos do refino do petr\u00f3leo s\u00e3o vistos como problema distante pela popula\u00e7\u00e3o em geral; quem passa a vida ao redor de uma refinaria n\u00e3o tem a op\u00e7\u00e3o de ser indiferente<\/strong> <\/em>\u2014\u00a0 Not\u00edcia publicada site HUMANITAS, em 25 de julho de 2023 &#8211; <a href=\"https:\/\/drive.google.com\/file\/d\/13tlXxC0UjiJvOmFwk0QgOpwo0ooF0vZF\/view?usp=sharing\" target=\"_blank\" rel=\"noopener\">Link para o poster em PDF<\/a> &#8211; <a href=\"https:\/\/www.ufrgs.br\/sextante\/a-forca-do-vento-e-do-sol\/\" target=\"_blank\" rel=\"noopener\">link para a \u00edntegra da mat\u00e9ria<\/a>.\u00a0<\/h4>\n<h4>\u2014 <strong>2\u00b0 Lugar no Pr\u00eamio SEMA-FEPAM de Jornalismo Ambiental \/ 2023<\/strong> &#8211; Categoria Jornalismo Universit\u00e1rio \u2014 <em><strong>A natureza morta que reside no cora\u00e7\u00e3o da cidade<\/strong><\/em><br \/><em><strong>Apesar da polui\u00e7\u00e3o no Arroio Dil\u00favio, uma escassa fauna sobrevive na principal art\u00e9ria da cidade, de <\/strong><\/em>Fran B. Geyer e Theo Giacobbe. (PUC RS) \u2014 Publicado no site Medium, em 1 de junho de 2023 &#8211; <a style=\"background-color: #ffffff;\" href=\"https:\/\/drive.google.com\/file\/d\/1L0QSs5fgwkGSwKZ4JE4gMgZj7p7gSJAH\/view?usp=sharing\" target=\"_blank\" rel=\"noopener\">Link para o poster em PDF<\/a> &#8211; <a style=\"background-color: #ffffff;\" href=\"https:\/\/medium.com\/@labj_famecos\/a-natureza-morta-que-reside-no-cora%C3%A7%C3%A3o-da-cidade-16361e3168c2\" target=\"_blank\" rel=\"noopener\">link para a \u00edntegra da mat\u00e9ria na plataforma Medium &#8211;\u00a0<\/a><\/h4>\n<h4>\u00a0<\/h4>\n<h4>\u2014 <strong>3\u00b0 Lugar no Pr\u00eamio SEMA-FEPAM de Jornalismo Ambiental \/ 2023<\/strong> &#8211; Categoria Jornalismo Universit\u00e1rio \u2014 <strong><em>Impactos Ambientais causados pela instala\u00e7\u00e3o da loja Havan em Canoas \u2014<\/em> Chegada da rede varejista, abriu caminho para o desmatamento de \u00e1rea verde na cidade da Regi\u00e3o Metropolitana (RS); Cassol Centerlar tem obras em andamento<\/strong>. \u2014 Not\u00edcia publicada site HUMANITAS, em 14 de fevereiro de 2022 &#8211; <a href=\"https:\/\/drive.google.com\/file\/d\/1wIINnessM80321QCPnkVJsC-TDINTbEw\/view?usp=sharing\" target=\"_blank\" rel=\"noopener\">Link para o poster em PDF<\/a> \u2014 <a href=\"https:\/\/youtu.be\/vuceTO3i9i0?feature=shared\" target=\"_blank\" rel=\"noopener\">link para a \u00edntegra da mat\u00e9ria no YouTube &#8211; <\/a>\u00a0document\u00e1rio no YouTube que traz a ficha t\u00e9cnica com o nome de todos os participantes do v\u00eddeo premiado.<\/h4>\n<h2>2021<\/h2>\n<h4><strong>\u2014 1\u00b0 Lugar no Pr\u00eamio SEMA-FEPAM de Jornalismo Ambiental \/ 2021<\/strong> &#8211; Categoria Jornalismo Universit\u00e1rio \u2014 <em><strong>A for\u00e7a do vento e do sol \u2014 Com consumo de energia el\u00e9trica cada vez maior, Brasil come\u00e7a a estudar alternativas mais limpas e renov\u00e1veis, como a solar e a e\u00f3lica<\/strong> <\/em>\u2014 Not\u00edcia no site SEXTANTE\/ UFRGS, em maio 2021 &#8211; <a href=\"https:\/\/drive.google.com\/file\/d\/1dqz75bUqx8_DK5VnwTA88ptpKOnJUziy\/view?usp=sharing\" target=\"_blank\" rel=\"noopener\">Link para o poster em PDF<\/a> &#8211; Link para a mat\u00e9ria integral<\/h4>\n<h4><em><strong>\u2014 <\/strong><\/em><strong>2\u00b0 Lugar no Pr\u00eamio SEMA-FEPAM de Jornalismo Ambiental \/ 2021<\/strong> &#8211; Categoria Jornalismo Universit\u00e1rio \u2014\u00a0 <em><strong>Rio Grande do Sul, 40 graus &#8211; Chuvas intensas, ondas de calor, doen\u00e7as tropicais: como a mudan\u00e7a clim\u00e1tica pode moldar o futuro do nosso estado?<\/strong> <\/em>&#8211;\u00a0 Not\u00edcia no site SEXTANTE\/ UFRGS, em maio 2021 &#8211; Reportagem de Bibiana Davila \/ Ilustra\u00e7\u00e3o de Clara Santi e T\u00e1bata Costa \/ UFRGS. <a href=\"https:\/\/drive.google.com\/file\/d\/1SxtfZ-eUGUQLSdTZL2aKSVg7asav36vU\/view?usp=sharing\" target=\"_blank\" rel=\"noopener\">Link para o poster em PDF<\/a>. <a href=\"https:\/\/www.ufrgs.br\/sextante\/mudanca-climatica-no-rio-grande-do-sul\/\" target=\"_blank\" rel=\"noopener\">Link para a integra da mat\u00e9ria.<\/a>\u00a0<\/h4>\n<h4>\u2014 <strong>3\u00b0 Lugar no Pr\u00eamio SEMA-FEPAM de Jornalismo Ambiental \/ 2021<\/strong> &#8211; Categoria Jornalismo Universit\u00e1rio \u2014 <strong><em>A tend\u00eancia da esta\u00e7\u00e3o \u00e9 o verde<\/em> Alternativas sustent\u00e1veis e menos agressivas ao meio ambiente s\u00e3o apostas do setor t\u00eaxtil para o futuro<\/strong> \u2014 Not\u00edcia no site SEXTANTE\/ UFRGS, em maio 2021 &#8211; <a href=\"https:\/\/drive.google.com\/file\/d\/1pR1J5wWb-VKo6KxMhcZFRHf8zP7eRPud\/view?usp=sharing\" target=\"_blank\" rel=\"noopener\">Link para o poster em PDF<\/a> &#8211; <a href=\"https:\/\/www.ufrgs.br\/sextante\/a-tendencia-da-estacao-e-o-verde\/\" target=\"_blank\" rel=\"noopener\">Link para a \u00edntegra da mat\u00e9ria<\/a><\/h4>\n<h5>\u00a0<\/h5>\n<h5>\u00a0<\/h5>\n<h5>\u00a0<\/h5>\n<h5>\u00a0<\/h5>\n<h5>\u00a0<\/h5>\n<h5>\u00a0<\/h5>\n<h5>EM 5\/3\/2024<\/h5>\n<h2>Prazo foi prorrogado at\u00e9 7\/3<\/h2>\n<h5>Paralelamente ao <strong>12\u00aa FIMA \u2013 F\u00f3rum Internacional do Meio Ambiente<\/strong>, dias 12 e 13 de mar\u00e7o de 2024, ocorreu a <strong>1\u00aa Mostra Universit\u00e1ria de Jornalismo Ambiental<\/strong>. Para esta edi\u00e7\u00e3o ser\u00e3o aceitos at\u00e9 16 trabalhos entre reportagens e projetos de extens\u00e3o que abordem a tem\u00e1tica ambiental. Os trabalhos consistem em reportagens premiadas ou indicadas por professores, al\u00e9m de projetos de extens\u00e3o aprovados pela universidade, com a indica\u00e7\u00e3o do orientador. <strong>Nesta ter\u00e7a, dia 5\/3,\u00a0 foi prorrogado at\u00e9 quinta, dia 7\/3, o prazo para o envio dos trabalhos.<\/strong><\/h5>\n<h5><strong>Reportagens<\/strong> &#8211; Para as reportagens os estudantes de jornalismo dever\u00e3o elaborar um poster no <strong>tamanho A3<\/strong> com os seguintes elementos: <strong>cabe\u00e7alho<\/strong> (arquivo disponibilizado abaixo) e ainda: t\u00edtulo da mat\u00e9ria, data da mat\u00e9ria, nome completo do autor, disciplina e professor respons\u00e1vel, nome da Faculdade e Universidade, texto e ilustra\u00e7\u00e3o. Caso o trabalho tenha sido j\u00e1 premiado, indicar a premia\u00e7\u00e3o.<\/h5>\n<h5><strong>Projeto de Extens\u00e3o<\/strong> &#8211; O poster do projeto de extens\u00e3o, tamb\u00e9m no <strong>formato A3<\/strong>, deve apresentar o <strong>cabe\u00e7alho<\/strong> (o mesmo linkado abaixo), nome do projeto, nome do aluno, nome do orientador, nome da faculdade, nome da universidade, objetivos, informa\u00e7\u00f5es sobre o desenvolvimento do projeto e ilustra\u00e7\u00f5es.<\/h5>\n<h5><strong>Envio &#8211;<\/strong> Os arquivo j\u00e1 diagramados contendo o cabe\u00e7alho padronizado e em <strong>formatado em p\u00e1gina tamanho A3 e salvo em PDF <\/strong>devem ser enviados para o e-mail <strong><a href=\"mailto:trabalhos@fima.org.br\" target=\"_blank\" rel=\"noopener\">trabalhos@fima.org.br<\/a><\/strong> .\u00a0 Caso n\u00e3o seja poss\u00edvel enviar o trabalho em si por email, enviar um link pelo aplicativo\/site <strong><a href=\"http:\/\/www.wetransfer.com\">www.wetransfer.com <\/a><\/strong>para o mesmo endere\u00e7o.<\/h5>\n<h5><strong>Aceita\u00e7\u00e3o &#8211;<\/strong> Os trabalhos ser\u00e3o aceitos por ordem de inscri\u00e7\u00e3o, ap\u00f3s verifica\u00e7\u00e3o da adequa\u00e7\u00e3o ao tema. Em seguida ser\u00e3o impressos pela pr\u00f3pria PUC\/FAMECOS e colocados nos pain\u00e9is que ser\u00e3o disponibilizados no <em>hall<\/em> de entrada do audit\u00f3rio, local da FIMA, na FAMECOS \/PUC.<\/h5>\n<h5><strong>D\u00favidas<\/strong> \u2014 utilizar os meios de contato com a ARI pelos meios oferecidos na <strong><a href=\"https:\/\/fima.org.br\/contatos-2024\" target=\"_blank\" rel=\"noopener\">p\u00e1gina de contatos<\/a><\/strong>.<\/h5>\n<h5><span style=\"color: #ff0000;\"><strong>DATA-LIMITE:<\/strong> <\/span>Os posteres podem ser enviados at\u00e9 a data de <span style=\"color: #ff0000;\"><strong>7 de mar\u00e7o de 2024 (sete de mar\u00e7o)<\/strong><\/span> <strong><span style=\"color: #ff0000;\">, quinta-feira.\u00a0<\/span><\/strong><\/h5>\n<h4>\u00a0<\/h4>\n<h4>\u2014 <a href=\"https:\/\/fima.org.br\/wp-content\/uploads\/2024\/02\/12o-FIMA-Cabecalho-Poster-Trabalho.pdf\" target=\"_blank\" rel=\"noopener\"><strong>Cabe\u00e7alho<\/strong> dos posters<\/a> (PDF, 2,8 mb) &#8211; para incluir no <em>Word<\/em> ou em outro processador e compor com o material do aluno seguindo as instru\u00e7\u00f5es acima.<\/h4>\n\n\n<hr class=\"wp-block-separator has-alpha-channel-opacity\"\/>\n","protected":false},"excerpt":{"rendered":"<p>Murais mostraram reportagens sobre quest\u00f5es ambientais durante o 12\u00ba FIMA \u00a0 20\/3\/2024 \u2014 Pela primeira vez quando da ocorr\u00eancia do F\u00f3rum foi realizada a 1\u00aa Mostra Universit\u00e1ria de Jornalismo Ambiental sob a curadoria t\u00e9cnica do Grupo de Pesquisa em Jornalismo Ambiental &#8211; GPJA vinculado ao programa de p\u00f3s-gradua\u00e7\u00e3o em Comunica\u00e7\u00e3o da UFRGS. Os murais foram [&hellip;]<\/p>\n","protected":false},"author":1,"featured_media":0,"parent":0,"menu_order":0,"comment_status":"closed","ping_status":"closed","template":"","meta":{"_crdt_document":"","_themeisle_gutenberg_block_has_review":false,"jetpack_post_was_ever_published":false,"footnotes":""},"class_list":["post-60","page","type-page","status-publish","hentry"],"jetpack_sharing_enabled":true,"_links":{"self":[{"href":"https:\/\/fima.org.br\/index.php?rest_route=\/wp\/v2\/pages\/60","targetHints":{"allow":["GET"]}}],"collection":[{"href":"https:\/\/fima.org.br\/index.php?rest_route=\/wp\/v2\/pages"}],"about":[{"href":"https:\/\/fima.org.br\/index.php?rest_route=\/wp\/v2\/types\/page"}],"author":[{"embeddable":true,"href":"https:\/\/fima.org.br\/index.php?rest_route=\/wp\/v2\/users\/1"}],"replies":[{"embeddable":true,"href":"https:\/\/fima.org.br\/index.php?rest_route=%2Fwp%2Fv2%2Fcomments&post=60"}],"version-history":[{"count":23,"href":"https:\/\/fima.org.br\/index.php?rest_route=\/wp\/v2\/pages\/60\/revisions"}],"predecessor-version":[{"id":712,"href":"https:\/\/fima.org.br\/index.php?rest_route=\/wp\/v2\/pages\/60\/revisions\/712"}],"wp:attachment":[{"href":"https:\/\/fima.org.br\/index.php?rest_route=%2Fwp%2Fv2%2Fmedia&parent=60"}],"curies":[{"name":"wp","href":"https:\/\/api.w.org\/{rel}","templated":true}]}}