{"id":63,"date":"2024-02-15T11:12:40","date_gmt":"2024-02-15T14:12:40","guid":{"rendered":"http:\/\/fima.org.br\/?page_id=63"},"modified":"2024-12-06T15:54:31","modified_gmt":"2024-12-06T18:54:31","slug":"apoios-2024","status":"publish","type":"page","link":"https:\/\/fima.org.br\/?page_id=63","title":{"rendered":"Organizadores e Apoios \/ 2024"},"content":{"rendered":"<h2 class=\"wp-block-heading\"><em><strong>Organiza\u00e7\u00e3o:<\/strong><\/em><\/h2>\n<figure class=\"wp-block-image size-full is-resized\"><a href=\"http:\/\/www.ari.org.br\" target=\"_blank\" rel=\"noopener\"><img loading=\"lazy\" decoding=\"async\" class=\"alignnone wp-image-122\" src=\"https:\/\/fima.org.br\/wp-content\/uploads\/2024\/02\/Captura-de-Tela-2024-02-17-as-17.40.48-300x130.png\" alt=\"\" width=\"631\" height=\"273\" srcset=\"https:\/\/fima.org.br\/wp-content\/uploads\/2024\/02\/Captura-de-Tela-2024-02-17-as-17.40.48-300x130.png 300w, https:\/\/fima.org.br\/wp-content\/uploads\/2024\/02\/Captura-de-Tela-2024-02-17-as-17.40.48-768x332.png 768w, https:\/\/fima.org.br\/wp-content\/uploads\/2024\/02\/Captura-de-Tela-2024-02-17-as-17.40.48.png 962w\" sizes=\"auto, (max-width: 631px) 100vw, 631px\" \/><\/a><\/figure>\n<figure class=\"wp-block-image size-full is-resized\">\n<figure class=\"wp-block-image size-large\"><img loading=\"lazy\" decoding=\"async\" class=\"wp-image-503\" src=\"https:\/\/fima.org.br\/wp-content\/uploads\/2024\/03\/WhatsApp-Image-2024-03-06-at-11.47.33-1024x576.jpeg\" alt=\"\" width=\"506\" height=\"285\" srcset=\"https:\/\/fima.org.br\/wp-content\/uploads\/2024\/03\/WhatsApp-Image-2024-03-06-at-11.47.33-1024x576.jpeg 1024w, https:\/\/fima.org.br\/wp-content\/uploads\/2024\/03\/WhatsApp-Image-2024-03-06-at-11.47.33-300x169.jpeg 300w, https:\/\/fima.org.br\/wp-content\/uploads\/2024\/03\/WhatsApp-Image-2024-03-06-at-11.47.33-768x432.jpeg 768w, https:\/\/fima.org.br\/wp-content\/uploads\/2024\/03\/WhatsApp-Image-2024-03-06-at-11.47.33.jpeg 1280w\" sizes=\"auto, (max-width: 506px) 100vw, 506px\" \/><\/figure>\n<\/figure>\n<a href=\"http:\/\/www.mprs.mp.br\" target=\"_blank\" rel=\"noopener\"><!-- \/wp:post-content --><\/a>\n<figure class=\"wp-block-image size-full is-resized\"><!-- wp:image {\"id\":237,\"sizeSlug\":\"full\",\"linkDestination\":\"none\"} -->\n<figure class=\"wp-block-image size-full\"><\/figure>\n<!-- \/wp:image --><!-- wp:image {\"id\":238,\"sizeSlug\":\"full\",\"linkDestination\":\"none\"} -->\n<figure class=\"wp-block-image size-full\"><img loading=\"lazy\" decoding=\"async\" class=\"wp-image-238 alignleft\" src=\"https:\/\/fima.org.br\/wp-content\/uploads\/2024\/02\/Captura-de-Tela-2024-02-19-as-20.01.22.png\" alt=\"\" width=\"391\" height=\"189\" srcset=\"https:\/\/fima.org.br\/wp-content\/uploads\/2024\/02\/Captura-de-Tela-2024-02-19-as-20.01.22.png 570w, https:\/\/fima.org.br\/wp-content\/uploads\/2024\/02\/Captura-de-Tela-2024-02-19-as-20.01.22-300x145.png 300w\" sizes=\"auto, (max-width: 391px) 100vw, 391px\" \/><a style=\"background-color: #ffffff; font-size: 1rem;\" href=\"https:\/\/www.ufrgs.br\/ppgcom\/\" target=\"_blank\" rel=\"noopener\"><img loading=\"lazy\" decoding=\"async\" class=\"alignnone wp-image-118\" style=\"font-size: 1rem;\" src=\"https:\/\/fima.org.br\/wp-content\/uploads\/2024\/02\/PPGCOM-300x300.png\" alt=\"\" width=\"173\" height=\"173\" srcset=\"https:\/\/fima.org.br\/wp-content\/uploads\/2024\/02\/PPGCOM-300x300.png 300w, https:\/\/fima.org.br\/wp-content\/uploads\/2024\/02\/PPGCOM-1024x1024.png 1024w, https:\/\/fima.org.br\/wp-content\/uploads\/2024\/02\/PPGCOM-150x150.png 150w, https:\/\/fima.org.br\/wp-content\/uploads\/2024\/02\/PPGCOM-768x768.png 768w, https:\/\/fima.org.br\/wp-content\/uploads\/2024\/02\/PPGCOM.png 1279w\" sizes=\"auto, (max-width: 173px) 100vw, 173px\" \/><\/a><\/figure>\n<\/figure>\n<figure class=\"wp-block-image size-full\"><a href=\"https:\/\/www.pucrs.br\/comunicacao\/\" target=\"_blank\" rel=\"noopener\"><!-- wp:image {\"id\":236,\"width\":\"488px\",\"height\":\"auto\",\"sizeSlug\":\"full\",\"linkDestination\":\"none\"} --><\/a>\n<figure class=\"wp-block-image size-full is-resized\"><img loading=\"lazy\" decoding=\"async\" class=\"wp-image-236\" src=\"https:\/\/fima.org.br\/wp-content\/uploads\/2024\/02\/IMG_6497.png\" alt=\"\" width=\"584\" height=\"146\" srcset=\"https:\/\/fima.org.br\/wp-content\/uploads\/2024\/02\/IMG_6497.png 360w, https:\/\/fima.org.br\/wp-content\/uploads\/2024\/02\/IMG_6497-300x75.png 300w\" sizes=\"auto, (max-width: 584px) 100vw, 584px\" \/><\/figure>\n<a href=\"https:\/\/www.pucrs.br\/comunicacao\/\" target=\"_blank\" rel=\"noopener\"><!-- \/wp:image --><\/a><\/figure>\n<h2><\/h2>\n<h2 class=\"wp-block-heading\"><strong>Apoio:<\/strong><\/h2>\n<figure class=\"wp-block-image size-full is-resized\"><strong>CURSO DE JORNALISMO DA<\/strong><\/figure>\n<img loading=\"lazy\" decoding=\"async\" class=\"wp-image-236\" src=\"https:\/\/fima.org.br\/wp-content\/uploads\/2024\/02\/IMG_6497.png\" alt=\"\" width=\"576\" height=\"144\" srcset=\"https:\/\/fima.org.br\/wp-content\/uploads\/2024\/02\/IMG_6497.png 360w, https:\/\/fima.org.br\/wp-content\/uploads\/2024\/02\/IMG_6497-300x75.png 300w\" sizes=\"auto, (max-width: 576px) 100vw, 576px\" \/>\n\n<!-- wp:image {\"id\":239,\"sizeSlug\":\"full\",\"linkDestination\":\"none\"} -->\n<figure class=\"wp-block-image size-full\"><img loading=\"lazy\" decoding=\"async\" class=\"wp-image-239\" src=\"https:\/\/fima.org.br\/wp-content\/uploads\/2024\/02\/Captura-de-Tela-2024-02-19-as-20.06.30.png\" alt=\"\" width=\"576\" height=\"476\" srcset=\"https:\/\/fima.org.br\/wp-content\/uploads\/2024\/02\/Captura-de-Tela-2024-02-19-as-20.06.30.png 448w, https:\/\/fima.org.br\/wp-content\/uploads\/2024\/02\/Captura-de-Tela-2024-02-19-as-20.06.30-300x248.png 300w\" sizes=\"auto, (max-width: 576px) 100vw, 576px\" \/><\/figure>\n<!-- \/wp:image -->\n\n<!-- wp:image {\"id\":248,\"sizeSlug\":\"full\",\"linkDestination\":\"none\"} -->\n<figure class=\"wp-block-image size-full\"><img loading=\"lazy\" decoding=\"async\" width=\"591\" height=\"162\" class=\"wp-image-248\" src=\"https:\/\/fima.org.br\/wp-content\/uploads\/2024\/02\/FIERGS-LOGO.jpeg\" alt=\"\" srcset=\"https:\/\/fima.org.br\/wp-content\/uploads\/2024\/02\/FIERGS-LOGO.jpeg 591w, https:\/\/fima.org.br\/wp-content\/uploads\/2024\/02\/FIERGS-LOGO-300x82.jpeg 300w\" sizes=\"auto, (max-width: 591px) 100vw, 591px\" \/><\/figure>\n<!-- \/wp:image -->\n\n<!-- wp:image {\"id\":296,\"width\":\"590px\",\"height\":\"auto\",\"sizeSlug\":\"full\",\"linkDestination\":\"none\"} -->\n<figure class=\"wp-block-image size-full is-resized\"><img loading=\"lazy\" decoding=\"async\" width=\"900\" height=\"221\" class=\"wp-image-296\" style=\"width: 590px; height: auto;\" src=\"https:\/\/fima.org.br\/wp-content\/uploads\/2024\/02\/Cabacalho-ipanema.jpg\" alt=\"\" srcset=\"https:\/\/fima.org.br\/wp-content\/uploads\/2024\/02\/Cabacalho-ipanema.jpg 900w, https:\/\/fima.org.br\/wp-content\/uploads\/2024\/02\/Cabacalho-ipanema-300x74.jpg 300w, https:\/\/fima.org.br\/wp-content\/uploads\/2024\/02\/Cabacalho-ipanema-768x189.jpg 768w\" sizes=\"auto, (max-width: 900px) 100vw, 900px\" \/><\/figure>\n<!-- \/wp:image -->\n\n<!-- wp:image {\"id\":328,\"width\":\"572px\",\"height\":\"auto\",\"sizeSlug\":\"large\",\"linkDestination\":\"none\"} -->\n<figure class=\"wp-block-image size-large is-resized\"><img loading=\"lazy\" decoding=\"async\" width=\"1024\" height=\"982\" class=\"wp-image-328\" style=\"width: 572px; height: auto;\" src=\"https:\/\/fima.org.br\/wp-content\/uploads\/2024\/02\/Captura-de-Tela-2024-02-22-as-11.40.56-1024x982.png\" alt=\"\" srcset=\"https:\/\/fima.org.br\/wp-content\/uploads\/2024\/02\/Captura-de-Tela-2024-02-22-as-11.40.56-1024x982.png 1024w, https:\/\/fima.org.br\/wp-content\/uploads\/2024\/02\/Captura-de-Tela-2024-02-22-as-11.40.56-300x288.png 300w, https:\/\/fima.org.br\/wp-content\/uploads\/2024\/02\/Captura-de-Tela-2024-02-22-as-11.40.56-768x736.png 768w, https:\/\/fima.org.br\/wp-content\/uploads\/2024\/02\/Captura-de-Tela-2024-02-22-as-11.40.56.png 1530w\" sizes=\"auto, (max-width: 1024px) 100vw, 1024px\" \/><\/figure>\n<!-- \/wp:image -->\n\n<!-- wp:image {\"id\":327,\"width\":\"567px\",\"height\":\"auto\",\"sizeSlug\":\"full\",\"linkDestination\":\"none\"} -->\n<figure class=\"wp-block-image size-full is-resized\"><img loading=\"lazy\" decoding=\"async\" width=\"790\" height=\"267\" class=\"wp-image-327\" style=\"width: 567px; height: auto;\" src=\"https:\/\/fima.org.br\/wp-content\/uploads\/2024\/02\/Captura-de-Tela-2024-02-22-as-11.38.40.png\" alt=\"\" srcset=\"https:\/\/fima.org.br\/wp-content\/uploads\/2024\/02\/Captura-de-Tela-2024-02-22-as-11.38.40.png 790w, https:\/\/fima.org.br\/wp-content\/uploads\/2024\/02\/Captura-de-Tela-2024-02-22-as-11.38.40-300x101.png 300w, https:\/\/fima.org.br\/wp-content\/uploads\/2024\/02\/Captura-de-Tela-2024-02-22-as-11.38.40-768x260.png 768w\" sizes=\"auto, (max-width: 790px) 100vw, 790px\" \/><\/figure>\n<h2 class=\"wp-block-heading\"><strong><!-- wp:image {\"id\":445,\"width\":\"582px\",\"height\":\"auto\",\"sizeSlug\":\"full\",\"linkDestination\":\"none\"} --><\/strong><\/h2>\n<figure class=\"wp-block-image size-full is-resized\"><img loading=\"lazy\" decoding=\"async\" class=\"wp-image-445\" src=\"https:\/\/fima.org.br\/wp-content\/uploads\/2024\/03\/Captura-de-Tela-2024-03-04-as-17.12.16.png\" alt=\"\" width=\"598\" height=\"355\" srcset=\"https:\/\/fima.org.br\/wp-content\/uploads\/2024\/03\/Captura-de-Tela-2024-03-04-as-17.12.16.png 766w, https:\/\/fima.org.br\/wp-content\/uploads\/2024\/03\/Captura-de-Tela-2024-03-04-as-17.12.16-300x178.png 300w\" sizes=\"auto, (max-width: 598px) 100vw, 598px\" \/><\/figure>\n<h2 class=\"wp-block-heading\"><strong><!-- \/wp:image --><\/strong><\/h2>\nPatroc\u00ednio\n\n<!-- \/wp:image -->\n\n<!-- wp:image {\"id\":409,\"width\":\"598px\",\"height\":\"auto\",\"sizeSlug\":\"large\",\"linkDestination\":\"none\"} -->\n<figure class=\"wp-block-image size-large is-resized\"><img loading=\"lazy\" decoding=\"async\" width=\"1024\" height=\"725\" class=\"wp-image-409\" style=\"width: 598px; height: auto;\" src=\"https:\/\/fima.org.br\/wp-content\/uploads\/2024\/02\/Captura-de-Tela-2024-02-28-as-10.49.22-1024x725.png\" alt=\"\" srcset=\"https:\/\/fima.org.br\/wp-content\/uploads\/2024\/02\/Captura-de-Tela-2024-02-28-as-10.49.22-1024x725.png 1024w, https:\/\/fima.org.br\/wp-content\/uploads\/2024\/02\/Captura-de-Tela-2024-02-28-as-10.49.22-300x212.png 300w, https:\/\/fima.org.br\/wp-content\/uploads\/2024\/02\/Captura-de-Tela-2024-02-28-as-10.49.22-768x543.png 768w, https:\/\/fima.org.br\/wp-content\/uploads\/2024\/02\/Captura-de-Tela-2024-02-28-as-10.49.22-1536x1087.png 1536w, https:\/\/fima.org.br\/wp-content\/uploads\/2024\/02\/Captura-de-Tela-2024-02-28-as-10.49.22.png 1594w\" sizes=\"auto, (max-width: 1024px) 100vw, 1024px\" \/><\/figure>\n<!-- \/wp:image -->\n\n<!-- wp:image {\"id\":410,\"width\":\"593px\",\"height\":\"auto\",\"sizeSlug\":\"large\",\"linkDestination\":\"none\"} -->\n<figure class=\"wp-block-image size-large is-resized\"><img loading=\"lazy\" decoding=\"async\" width=\"1024\" height=\"364\" class=\"wp-image-410\" style=\"width: 593px; height: auto;\" src=\"https:\/\/fima.org.br\/wp-content\/uploads\/2024\/02\/Captura-de-Tela-2024-02-28-as-10.50.52-1024x364.png\" alt=\"\" srcset=\"https:\/\/fima.org.br\/wp-content\/uploads\/2024\/02\/Captura-de-Tela-2024-02-28-as-10.50.52-1024x364.png 1024w, https:\/\/fima.org.br\/wp-content\/uploads\/2024\/02\/Captura-de-Tela-2024-02-28-as-10.50.52-300x107.png 300w, https:\/\/fima.org.br\/wp-content\/uploads\/2024\/02\/Captura-de-Tela-2024-02-28-as-10.50.52-768x273.png 768w, https:\/\/fima.org.br\/wp-content\/uploads\/2024\/02\/Captura-de-Tela-2024-02-28-as-10.50.52-1536x546.png 1536w, https:\/\/fima.org.br\/wp-content\/uploads\/2024\/02\/Captura-de-Tela-2024-02-28-as-10.50.52-2048x728.png 2048w\" sizes=\"auto, (max-width: 1024px) 100vw, 1024px\" \/><\/figure>\n<!-- \/wp:image -->","protected":false},"excerpt":{"rendered":"<p>Organiza\u00e7\u00e3o: Apoio: CURSO DE JORNALISMO DA Patroc\u00ednio<\/p>\n","protected":false},"author":1,"featured_media":0,"parent":0,"menu_order":0,"comment_status":"closed","ping_status":"closed","template":"","meta":{"_crdt_document":"","_themeisle_gutenberg_block_has_review":false,"jetpack_post_was_ever_published":false,"footnotes":""},"class_list":["post-63","page","type-page","status-publish","hentry"],"jetpack_sharing_enabled":true,"_links":{"self":[{"href":"https:\/\/fima.org.br\/index.php?rest_route=\/wp\/v2\/pages\/63","targetHints":{"allow":["GET"]}}],"collection":[{"href":"https:\/\/fima.org.br\/index.php?rest_route=\/wp\/v2\/pages"}],"about":[{"href":"https:\/\/fima.org.br\/index.php?rest_route=\/wp\/v2\/types\/page"}],"author":[{"embeddable":true,"href":"https:\/\/fima.org.br\/index.php?rest_route=\/wp\/v2\/users\/1"}],"replies":[{"embeddable":true,"href":"https:\/\/fima.org.br\/index.php?rest_route=%2Fwp%2Fv2%2Fcomments&post=63"}],"version-history":[{"count":21,"href":"https:\/\/fima.org.br\/index.php?rest_route=\/wp\/v2\/pages\/63\/revisions"}],"predecessor-version":[{"id":718,"href":"https:\/\/fima.org.br\/index.php?rest_route=\/wp\/v2\/pages\/63\/revisions\/718"}],"wp:attachment":[{"href":"https:\/\/fima.org.br\/index.php?rest_route=%2Fwp%2Fv2%2Fmedia&parent=63"}],"curies":[{"name":"wp","href":"https:\/\/api.w.org\/{rel}","templated":true}]}}