{"id":786,"date":"2025-01-25T20:26:49","date_gmt":"2025-01-25T23:26:49","guid":{"rendered":"https:\/\/fima.org.br\/?page_id=786"},"modified":"2025-07-30T11:00:12","modified_gmt":"2025-07-30T14:00:12","slug":"programacao-2025","status":"publish","type":"page","link":"https:\/\/fima.org.br\/?page_id=786","title":{"rendered":"Programa\u00e7\u00e3o \/  2025 e V\u00eddeos por Painel"},"content":{"rendered":"\n<h2 class=\"wp-block-heading\">Bioma Pampa: Clima, Conserva\u00e7\u00e3o e Atividades Econ\u00f4micas<\/h2>\n\n\n\n<p class=\"wp-block-paragraph\"><a href=\"https:\/\/fima.org.br\/?page_id=792\" target=\"_blank\" rel=\"noreferrer noopener\"><strong>Veja quem s\u00e3o os palestrantes e painelistas<\/strong><\/a><\/p>\n\n\n\n<h2 class=\"wp-block-heading\"><strong>26\/3\/2025 &#8211; quarta-feira<\/strong><\/h2>\n\n\n\n<p class=\"wp-block-paragraph\"><strong>8h30min &#8211; Caf\u00e9 de Boas-Vindas com produtos do Pampa oferecidos pela Escola de Gastronomia da URCAMP<\/strong> (Bag\u00e9)<\/p>\n\n\n\n<h4 class=\"wp-block-heading\"><strong>9h<\/strong> &#8211; <strong>Cerim\u00f4nia de Abertura<\/strong><\/h4>\n\n\n\n<h4 class=\"wp-block-heading\"><strong>10h &#8211; Painel de Abertura<\/strong><\/h4>\n\n\n\n<p class=\"wp-block-paragraph\">Media\u00e7\u00e3o: Jornalista Flavio Dutra<\/p>\n\n\n\n<h3 class=\"wp-block-heading\">&#8220;<strong>Clima: hist\u00f3ria e impacto das mudan\u00e7as no Pampa&#8221;<\/strong><\/h3>\n\n\n\n<ul class=\"wp-block-list\">\n<li><strong>Jefferson Cardia Sim\u00f5es<\/strong> &#8211; Glaciologista do <a href=\"http:\/\/centropolar.com\">Centro Polar e Clim\u00e1tico da UFRGS<\/a><\/li>\n\n\n\n<li> <strong>Francisco Eliseu Aquino<\/strong> \u2014 Climatologista do <a href=\"https:\/\/www.centropolar.com\/\">Centro Polar e Clim\u00e1tico da UFRGS<\/a><\/li>\n<\/ul>\n\n\n\n<figure class=\"wp-block-embed alignwide is-type-video is-provider-youtube wp-block-embed-youtube wp-embed-aspect-16-9 wp-has-aspect-ratio\"><div class=\"wp-block-embed__wrapper\">\n<iframe loading=\"lazy\" title=\"FIMA 2025 \/  Abertura \/ 26 de mar\u00e7o de 2025 - Clima: hist\u00f3ria e impacto das mudan\u00e7as no Pampa\" width=\"640\" height=\"360\" src=\"https:\/\/www.youtube.com\/embed\/o5zMwwle3Uk?feature=oembed\" frameborder=\"0\" allow=\"accelerometer; autoplay; clipboard-write; encrypted-media; gyroscope; picture-in-picture; web-share\" referrerpolicy=\"strict-origin-when-cross-origin\" allowfullscreen><\/iframe>\n<\/div><\/figure>\n\n\n\n<p class=\"wp-block-paragraph\"><\/p>\n\n\n\n<ul class=\"wp-block-list\">\n<li>Apresenta\u00e7\u00e3o do Professor <strong>Jefferson<\/strong> <strong>Cardia Sim\u00f5es<\/strong> &#8211; <strong><a href=\"https:\/\/drive.google.com\/file\/d\/1NYzWxYpYC5q0R9RqZJqDiDju3n4w6KKe\/view?usp=sharing\" target=\"_blank\" rel=\"noreferrer noopener\">Link<\/a><\/strong><\/li>\n\n\n\n<li>Apresentac&#8217;\u00e3o do Professor <strong>Francisco Eliseu Aquino <\/strong>&#8211; <strong><a href=\"https:\/\/drive.google.com\/file\/d\/1TVDb4aDF4HtAacupN_a-PQsd-YXnBjJR\/view?usp=sharing\" target=\"_blank\" rel=\"noreferrer noopener\">Link<\/a><\/strong><\/li>\n<\/ul>\n\n\n\n<p class=\"wp-block-paragraph\"><strong><em>Intervalo<\/em><\/strong><\/p>\n\n\n\n<h4 class=\"wp-block-heading\"><strong>13h30min <\/strong>\u2014 Atua\u00e7\u00e3o da URCAMP em prol do Pampa<\/h4>\n\n\n\n<ul class=\"wp-block-list\">\n<li><strong>Guilherme Collares<\/strong>, Pr\u00f3-Reitor de Pesquisa, Extens\u00e3o e Inova\u00e7\u00e3o da <strong>URCAMP<\/strong> &#8211; Centro Universit\u00e1rio da Regi\u00e3o da Campanha \/ Funda\u00e7\u00e3o \u00c1tila Taborda<\/li>\n<\/ul>\n\n\n\n<div class=\"wp-block-group\"><div class=\"wp-block-group__inner-container is-layout-constrained wp-block-group-is-layout-constrained\">\n<figure class=\"wp-block-embed aligncenter is-type-video is-provider-youtube wp-block-embed-youtube wp-embed-aspect-16-9 wp-has-aspect-ratio\"><div class=\"wp-block-embed__wrapper\">\n<iframe loading=\"lazy\" title=\"FIMA 2025 \/ Apresenta\u00e7\u00e3o sobre a URCAMP\" width=\"640\" height=\"360\" src=\"https:\/\/www.youtube.com\/embed\/RIWk2hC9WqI?feature=oembed\" frameborder=\"0\" allow=\"accelerometer; autoplay; clipboard-write; encrypted-media; gyroscope; picture-in-picture; web-share\" referrerpolicy=\"strict-origin-when-cross-origin\" allowfullscreen><\/iframe>\n<\/div><\/figure>\n<\/div><\/div>\n\n\n\n<p class=\"wp-block-paragraph\"><\/p>\n\n\n\n<h4 class=\"wp-block-heading\"><strong>14h<\/strong> &#8211; <strong>Painel I &#8211; Panorama para a regulariza\u00e7\u00e3o ambiental no Pampa para os pr\u00f3ximos anos<\/strong><\/h4>\n\n\n\n<ul class=\"wp-block-list\">\n<li><strong>Jos\u00e9 Nunes<\/strong> \u2014 <strong>Mediador <\/strong>\u2014 Jornalista, Presidente da <strong>ARI<\/strong><\/li>\n\n\n\n<li><strong>Domingos Velho Lopes <\/strong>\u2014 Diretor Vice-Presidente da <strong>FARSUL<\/strong> \u2014 <strong>&#8220;Conquistas para o desenvolvimento sustent\u00e1vel do Bioma Pampa&#8221;<\/strong><\/li>\n\n\n\n<li><strong>Patr\u00edcia Maldaner Cibils<\/strong> \u2014 Procuradora do Estado do RS \u2014 \u201c<strong>Bioma Pampa e Reserva Legal\u201d<\/strong><\/li>\n\n\n\n<li><strong>Rodrigo Dutra<\/strong> \u2014 Chefe da Divis\u00e3o de Fiscaliza\u00e7\u00e3o Ambiental do<strong> IBAMA RS<\/strong> &#8211; <strong>&#8220;A import\u00e2ncia do Programa de Regulariza\u00e7\u00e3o Ambiental para o RS&#8221;<\/strong><\/li>\n\n\n\n<li><strong>Alexandre Krob<\/strong> \u2014 Coordenador T\u00e9cnico do <strong>Instituto Curicaca<\/strong> \u2014 <strong>&#8220;As cicatrizes feitas no Pampa pela omiss\u00e3o p\u00fablica com o Cadastro Ambiental Rural&#8221;<\/strong><\/li>\n<\/ul>\n\n\n\n<figure class=\"wp-block-embed is-type-video is-provider-youtube wp-block-embed-youtube wp-embed-aspect-16-9 wp-has-aspect-ratio\"><div class=\"wp-block-embed__wrapper\">\n<iframe loading=\"lazy\" title=\"FIMA 2025 - 26 de mar\u00e7o de 2025 - Panorama da regulariza\u00e7\u00e3o ambiental no Pampa\" width=\"640\" height=\"360\" src=\"https:\/\/www.youtube.com\/embed\/ZwrYfLS-nPg?feature=oembed\" frameborder=\"0\" allow=\"accelerometer; autoplay; clipboard-write; encrypted-media; gyroscope; picture-in-picture; web-share\" referrerpolicy=\"strict-origin-when-cross-origin\" allowfullscreen><\/iframe>\n<\/div><\/figure>\n\n\n\n<p class=\"wp-block-paragraph\"><strong><em>Intervalo<\/em><\/strong><\/p>\n\n\n\n<h4 class=\"wp-block-heading\">15h30 \u2013 <strong>Painel II &#8211; O potencial da pecu\u00e1ria no Pampa: preserva\u00e7\u00e3o e recupera\u00e7\u00e3o ambiental, gera\u00e7\u00e3o de renda e produ\u00e7\u00e3o de alimentos<\/strong><\/h4>\n\n\n\n<ul class=\"wp-block-list\">\n<li><strong>Luiz Adolfo Lino de Souza<\/strong> \u2014 <strong>Mediador <\/strong>\u2014 Jornalista &#8211; Presidente do Conselho Deliberativo da ARI<\/li>\n\n\n\n<li><strong>Angela Escosteguy <\/strong>&#8211; M\u00e9dica Veterin\u00e1ria \u2014 IBEM &#8211; Instituto do Bem-Estar <strong>\u201cA import\u00e2ncia da Pecu\u00e1ria no Pampa\u201d<\/strong><\/li>\n\n\n\n<li><strong>Val\u00e9rio Pillar<\/strong> \u2013 Professor da UFRGS \/ Rede Campos Sulinos &#8211; <strong>&#8220;Bioma Pampa: origens e amea\u00e7as \u00e0 sua biodiversidade\u201d<\/strong><\/li>\n\n\n\n<li><strong>Miguel Guedes<\/strong> \u2014Engenheiro Agr\u00f4nomo \/ Fazenda S\u00e3o Miguel, Mostardas, RS \u2014 <strong>\u201cPecu\u00e1ria Regenerativa no Pampa: sistema intensivo a pasto com melhoramento do campo nativo<\/strong>\u201d<\/li>\n<\/ul>\n\n\n\n<figure class=\"wp-block-embed alignwide is-type-video is-provider-youtube wp-block-embed-youtube wp-embed-aspect-16-9 wp-has-aspect-ratio\"><div class=\"wp-block-embed__wrapper\">\n<iframe loading=\"lazy\" title=\"FIMA 2025 - Painel II - O potencial da pecu\u00e1ria no Pampa: preserva\u00e7\u00e3o e recupera\u00e7\u00e3o ambiental...\" width=\"640\" height=\"360\" src=\"https:\/\/www.youtube.com\/embed\/6PgF2XI1ik0?feature=oembed\" frameborder=\"0\" allow=\"accelerometer; autoplay; clipboard-write; encrypted-media; gyroscope; picture-in-picture; web-share\" referrerpolicy=\"strict-origin-when-cross-origin\" allowfullscreen><\/iframe>\n<\/div><\/figure>\n\n\n\n<p class=\"wp-block-paragraph\"><\/p>\n\n\n\n<p class=\"wp-block-paragraph\">\u2014 Apresenta\u00e7\u00e3o de <strong>Angela Escosteguy <\/strong>&#8211; <strong><a href=\"https:\/\/drive.google.com\/file\/d\/16PoDlAPJctCG6lQAmyOEUSLh51TEyroO\/view?usp=sharing\" target=\"_blank\" rel=\"noreferrer noopener\">Link<\/a><\/strong><\/p>\n\n\n\n<p class=\"wp-block-paragraph\"><strong><em>Intervalo<\/em><\/strong><\/p>\n\n\n\n<h4 class=\"wp-block-heading\">18h &#8211; <strong>Momento Cultural no Bar da ARI <\/strong>&#8211; Av. Borges de Medeiros, 915 &#8211; 8\u00ba andar. <strong>Para participantes e convidados. <\/strong><\/h4>\n\n\n\n<h2 class=\"wp-block-heading\"><strong>27\/3\/2025 \u2013 quinta-feira&nbsp;<\/strong><\/h2>\n\n\n\n<h4 class=\"wp-block-heading\"><strong>9h  &#8211; Painel III&nbsp; \u201cProjetos e pr\u00e1ticas que interferem na conserva\u00e7\u00e3o do Pampa\u201d<\/strong><\/h4>\n\n\n\n<ul class=\"wp-block-list\">\n<li><strong>Luiza Chomenko&nbsp;<\/strong>&#8211; <strong>Media\u00e7\u00e3o<\/strong> &#8211; Bi\u00f3loga<\/li>\n\n\n\n<li><strong>Adriano Severo Figueir\u00f3<\/strong> &#8211; Professor da <strong>UFSM<\/strong> &#8211; <strong>&#8220;Projetos de (Des)Envolvimento para o Pampa Brasileiro: Amea\u00e7as e Resist\u00eancias&#8221;.&nbsp;<\/strong><\/li>\n\n\n\n<li><strong>Marcos Borba &#8211; <\/strong>Chefe de Pesquisa e Desenvolvimento da <strong>Embrapa Sul <\/strong>\u2014 Bag\u00e9<em>, RS \u2014 <\/em>\u201c<strong>Agroecologia, Redes e Territ\u00f3rio: a pecu\u00e1ria familiar e a conserva\u00e7\u00e3o do Pampa\u201d<\/strong><\/li>\n\n\n\n<li><strong>Marcia Colares &#8211;<\/strong> coordenadora do grupo <strong>UPP Camaqu\u00e3 &#8211; Uni\u00e3o Pela Preserva\u00e7\u00e3o do Rio Camaqu\u00e3<\/strong>. \u201c<strong>Hist\u00f3rico da luta contra a minera\u00e7\u00e3o e panorama das a\u00e7\u00f5es na \u00e1rea ambiental no territ\u00f3rio<\/strong>\u201d.<\/li>\n\n\n\n<li><strong>Vera Colares<\/strong> &#8211; presidente da <strong>Associa\u00e7\u00e3o para Grandeza e Uni\u00e3o de Palmas -AGrUPa<\/strong> &#8211; \u201c<strong>Pecu\u00e1ria familiar para preserva\u00e7\u00e3o do Pampa.  <\/strong><\/li>\n\n\n\n<li><em>Participa\u00e7\u00e3o Especial <\/em>do Cineasta<strong> Rog\u00e9rio Atama Rodrigues<\/strong>, da Atama Filmes, diretor do filme &#8220;<strong>Sobreviventes do Pampa<\/strong>&#8220;, comentando o lan\u00e7amento da obra. <\/li>\n<\/ul>\n\n\n\n<figure class=\"wp-block-embed alignwide is-type-video is-provider-youtube wp-block-embed-youtube wp-embed-aspect-16-9 wp-has-aspect-ratio\"><div class=\"wp-block-embed__wrapper\">\n<iframe loading=\"lazy\" title=\"FIMA 2025 - 27 de mar\u00e7o de 2025 - Projetos e pr\u00e1ticas que interferem na conserva\u00e7\u00e3o do Pampa\" width=\"640\" height=\"360\" src=\"https:\/\/www.youtube.com\/embed\/WmE55sTFtxw?feature=oembed\" frameborder=\"0\" allow=\"accelerometer; autoplay; clipboard-write; encrypted-media; gyroscope; picture-in-picture; web-share\" referrerpolicy=\"strict-origin-when-cross-origin\" allowfullscreen><\/iframe>\n<\/div><\/figure>\n\n\n\n<p class=\"wp-block-paragraph\"><strong><em>Intervalo<\/em><\/strong><\/p>\n\n\n\n<h4 class=\"wp-block-heading\"><strong>13h30min &#8211; Painel IV &#8211; \u201cO Pampa nos meios de comunica\u00e7\u00e3o<\/strong>\u201d<\/h4>\n\n\n\n<ul class=\"wp-block-list\">\n<li><strong>Jo\u00e3o Batista Santaf\u00e9 Aguiar &#8211;<\/strong> <strong>Mediador<\/strong> \u2013 Jornalista &#8211; Diretor de Meio Ambiente da ARI e editor do  <a href=\"http:\/\/agirazul.com\">AgirAzul.com<\/a><\/li>\n\n\n\n<li><strong>S\u00e9rgio Roberto Pereira da Silva <\/strong>&#8211; Jornalilsta &#8211; Grupo de Pesquisa em Jornalismo Ambiental UFRGS\/CNPQ  <strong>&#8220;Apontamentos sobre a cobertura midi\u00e1tica acerca do Bioma Pampa&#8221;.&nbsp;<\/strong><\/li>\n\n\n\n<li><strong>Gustavo Veiga <\/strong>&#8211; Jornalista (Argentina) &#8211; <a href=\"https:\/\/www.pagina12.com.ar\/\" target=\"_blank\" rel=\"noreferrer noopener\">P\u00e1gina 12<\/a> &#8211; Buenos Aires &#8211;  <strong>&nbsp;\u201cA cobertura ambiental na imprensa argentina \u201c&nbsp;<\/strong><\/li>\n\n\n\n<li><strong>Nilson Correa <\/strong>&#8211; Empres\u00e1rio e Jornalista &#8211; Editor do jornal <a href=\"https:\/\/www.jornalfolhadosul.com.br\/\" target=\"_blank\" rel=\"noreferrer noopener\">Folha do Sul<\/a> &#8211; &#8220;<strong>Uma P\u00e1tria e tr\u00eas bandeiras&#8221;<\/strong><\/li>\n\n\n\n<li><strong>Victor L. Bacchetta <\/strong>&#8211; Jornalista (Uruguai) &#8211; <a href=\"https:\/\/elzumbido.uy\/\" target=\"_blank\" rel=\"noreferrer noopener\">El Zumbido<\/a> &#8211; Montevideo &#8211;  <strong>&#8220;Extrativismo no Pampa e os meios de comunica\u00e7\u00e3o&#8221;. <\/strong><\/li>\n<\/ul>\n\n\n\n<figure class=\"wp-block-embed alignwide is-type-video is-provider-youtube wp-block-embed-youtube wp-embed-aspect-16-9 wp-has-aspect-ratio\"><div class=\"wp-block-embed__wrapper\">\n<iframe loading=\"lazy\" title=\"FIMA 2025 - 27 de mar\u00e7o de 2025 - O Pampa nos Meios de Comunica\u00e7\u00e3o\" width=\"640\" height=\"360\" src=\"https:\/\/www.youtube.com\/embed\/qZ515Wzfm2Q?feature=oembed\" frameborder=\"0\" allow=\"accelerometer; autoplay; clipboard-write; encrypted-media; gyroscope; picture-in-picture; web-share\" referrerpolicy=\"strict-origin-when-cross-origin\" allowfullscreen><\/iframe>\n<\/div><\/figure>\n\n\n\n<p class=\"wp-block-paragraph\"><strong><em>Intervalo<\/em><\/strong><\/p>\n\n\n\n<h4 class=\"wp-block-heading\"><strong>15h30min<\/strong>\u2013 <strong>Painel V &#8211;&nbsp; &#8220;Potencial Tur\u00edstico e Comercial do Pampa<\/strong>&#8220;<\/h4>\n\n\n\n<ul class=\"wp-block-list\">\n<li><strong>Magali Schmitt &#8211;&nbsp; Mediadora <\/strong>&#8211; Jornalista &#8211; Diretora da ARI e assessora do Comitesinos<\/li>\n\n\n\n<li><strong>Ana Maria Moreira Marchesan<\/strong> &#8211; procuradora de Justi\u00e7a \/ MPRS &#8211; &#8220;<strong>Patrim\u00f4nio Cultural no Pampa<\/strong>&#8220;<\/li>\n\n\n\n<li><strong>Renato Fernandes<\/strong>&#8211;&nbsp; presidente&nbsp; do Instituto Brasileiro de Olivicultura (Ibraoliva) &#8211;  <strong>\u201cO futuro da olivicultura no Brasil\u201d <\/strong>&nbsp;<\/li>\n\n\n\n<li><strong>Patricia de Freitas Ferreira <\/strong><em>&#8211; <\/em>Comit\u00ea Gestor do <strong>Geoparque de Ca\u00e7apava do Sul<\/strong>.  <strong>\u201cGeoparque Ca\u00e7apava: conhecer para valorizar e cuidar.\u201d<\/strong><\/li>\n\n\n\n<li><strong>Gabriela Hermann Potter<\/strong> &#8211; Produtora rural e empres\u00e1ria &#8211; &nbsp;&#8220;<strong>Vin\u00edcola Guatambu: valorizando o Bioma Pampa por meio do Vinho, do Turismo e da Sustentabilidade<\/strong>&#8220;<\/li>\n<\/ul>\n\n\n\n<figure class=\"wp-block-embed alignwide is-type-video is-provider-youtube wp-block-embed-youtube wp-embed-aspect-16-9 wp-has-aspect-ratio\"><div class=\"wp-block-embed__wrapper\">\n<iframe loading=\"lazy\" title=\"FIMA 2025 - 27 de mar\u00e7o de 2025 - Potencial Tur\u00edstico e Comercial do Pampa\" width=\"640\" height=\"360\" src=\"https:\/\/www.youtube.com\/embed\/yFRNaNmgYGo?feature=oembed\" frameborder=\"0\" allow=\"accelerometer; autoplay; clipboard-write; encrypted-media; gyroscope; picture-in-picture; web-share\" referrerpolicy=\"strict-origin-when-cross-origin\" allowfullscreen><\/iframe>\n<\/div><\/figure>\n\n\n\n<p class=\"wp-block-paragraph\"><\/p>\n\n\n\n<p class=\"wp-block-paragraph\"><\/p>\n\n\n\n<p class=\"wp-block-paragraph\">\u2014 <strong><a href=\"https:\/\/fima.org.br\/?page_id=792\" target=\"_blank\" rel=\"noreferrer noopener\">Veja minibio dos palestrantes e painelistas<\/a><\/strong><\/p>\n\n\n\n<p class=\"wp-block-paragraph\">\u2014 Transmiss\u00e3o ao vivo pelo <strong><a href=\"https:\/\/youtube.com\/@ariassociacaorio-grandense4782?si=NfGBerb_MGqaRzoz\">Canal da ARI no  YouTube<\/a><\/strong><\/p>\n\n\n\n<p class=\"wp-block-paragraph\">\u2014 <strong><a href=\"https:\/\/fima.org.br\/?page_id=1424\">V\u00eddeos separados por turno<\/a><\/strong><\/p>\n\n\n\n<h3 class=\"wp-block-heading\"><br>Veja tamb\u00e9m<\/h3>\n\n\n\n<p class=\"wp-block-paragraph\"><strong><strong><a href=\"https:\/\/fima.org.br\/?page_id=752\" data-type=\"page\" data-id=\"752\">Apresenta\u00e7\u00e3o<\/a> \u2014 <a href=\"https:\/\/fima.org.br\/?page_id=786\" data-type=\"page\" data-id=\"786\">Programa\u00e7\u00e3o <\/a>\u2014 <a href=\"https:\/\/fima.org.br\/?page_id=1424\" target=\"_blank\" rel=\"noreferrer noopener\">V\u00eddeos 2025<\/a> &#8211; <a href=\"https:\/\/fima.org.br\/?page_id=792\" data-type=\"page\" data-id=\"792\">Painelistas<\/a> \u2014 <a href=\"https:\/\/fima.org.br\/?page_id=28\" data-type=\"page\" data-id=\"28\">Sobre a ARI <\/a>\u2014 <a href=\"https:\/\/fima.org.br\/?page_id=941\" data-type=\"page\" data-id=\"941\">Apoios e Patrocinadores <\/a>\u2014 <a href=\"https:\/\/fima.org.br\/?page_id=714\" data-type=\"page\" data-id=\"714\" target=\"_blank\" rel=\"noreferrer noopener\">Contatos <\/a>\u2014 <a href=\"https:\/\/chat.whatsapp.com\/HdwE4Knevcq3hwiOkDYqRV\" target=\"_blank\" rel=\"noreferrer noopener\">Grupo no WhatsApp<\/a><\/strong><\/strong><\/p>\n\n\n\n<p class=\"wp-block-paragraph\"><\/p>\n","protected":false},"excerpt":{"rendered":"<p>Bioma Pampa: Clima, Conserva\u00e7\u00e3o e Atividades Econ\u00f4micas Veja quem s\u00e3o os palestrantes e painelistas 26\/3\/2025 &#8211; quarta-feira 8h30min &#8211; Caf\u00e9 de Boas-Vindas com produtos do Pampa oferecidos pela Escola de Gastronomia da URCAMP (Bag\u00e9) 9h &#8211; Cerim\u00f4nia de Abertura 10h &#8211; Painel de Abertura Media\u00e7\u00e3o: Jornalista Flavio Dutra &#8220;Clima: hist\u00f3ria e impacto das mudan\u00e7as no [&hellip;]<\/p>\n","protected":false},"author":1,"featured_media":1065,"parent":0,"menu_order":0,"comment_status":"closed","ping_status":"closed","template":"","meta":{"_crdt_document":"","_themeisle_gutenberg_block_has_review":false,"jetpack_post_was_ever_published":true,"footnotes":""},"class_list":["post-786","page","type-page","status-publish","has-post-thumbnail","hentry"],"jetpack_sharing_enabled":true,"_links":{"self":[{"href":"https:\/\/fima.org.br\/index.php?rest_route=\/wp\/v2\/pages\/786","targetHints":{"allow":["GET"]}}],"collection":[{"href":"https:\/\/fima.org.br\/index.php?rest_route=\/wp\/v2\/pages"}],"about":[{"href":"https:\/\/fima.org.br\/index.php?rest_route=\/wp\/v2\/types\/page"}],"author":[{"embeddable":true,"href":"https:\/\/fima.org.br\/index.php?rest_route=\/wp\/v2\/users\/1"}],"replies":[{"embeddable":true,"href":"https:\/\/fima.org.br\/index.php?rest_route=%2Fwp%2Fv2%2Fcomments&post=786"}],"version-history":[{"count":92,"href":"https:\/\/fima.org.br\/index.php?rest_route=\/wp\/v2\/pages\/786\/revisions"}],"predecessor-version":[{"id":1516,"href":"https:\/\/fima.org.br\/index.php?rest_route=\/wp\/v2\/pages\/786\/revisions\/1516"}],"wp:featuredmedia":[{"embeddable":true,"href":"https:\/\/fima.org.br\/index.php?rest_route=\/wp\/v2\/media\/1065"}],"wp:attachment":[{"href":"https:\/\/fima.org.br\/index.php?rest_route=%2Fwp%2Fv2%2Fmedia&parent=786"}],"curies":[{"name":"wp","href":"https:\/\/api.w.org\/{rel}","templated":true}]}}