{"id":980,"date":"2025-02-16T23:22:17","date_gmt":"2025-02-17T02:22:17","guid":{"rendered":"https:\/\/fima.org.br\/?page_id=980"},"modified":"2026-03-29T19:26:07","modified_gmt":"2026-03-29T22:26:07","slug":"inscricoes-2025","status":"publish","type":"page","link":"https:\/\/fima.org.br\/?page_id=980","title":{"rendered":"Certificados"},"content":{"rendered":"<p>Os Certificados de Participa\u00e7\u00e3o de quem solicitou e comprovou participa\u00e7\u00e3o no <strong>14\u00ba FIMA<\/strong> estar\u00e3o sendo expedidos pela ARI no decorrer da semana entre 30 de mar\u00e7o e 3 de abril de 2026.<\/p>\r\n<p>&nbsp;<\/p>\r\n\r\n\r\n\r\n\r\n","protected":false},"excerpt":{"rendered":"<p>Os Certificados de Participa\u00e7\u00e3o de quem solicitou e comprovou participa\u00e7\u00e3o no 14\u00ba FIMA estar\u00e3o sendo expedidos pela ARI no decorrer da semana entre 30 de mar\u00e7o e 3 de abril de 2026. &nbsp;<\/p>\n","protected":false},"author":1,"featured_media":0,"parent":0,"menu_order":0,"comment_status":"closed","ping_status":"closed","template":"","meta":{"_crdt_document":"","_themeisle_gutenberg_block_has_review":false,"jetpack_post_was_ever_published":false,"footnotes":""},"class_list":["post-980","page","type-page","status-publish","hentry"],"jetpack_sharing_enabled":true,"_links":{"self":[{"href":"https:\/\/fima.org.br\/index.php?rest_route=\/wp\/v2\/pages\/980","targetHints":{"allow":["GET"]}}],"collection":[{"href":"https:\/\/fima.org.br\/index.php?rest_route=\/wp\/v2\/pages"}],"about":[{"href":"https:\/\/fima.org.br\/index.php?rest_route=\/wp\/v2\/types\/page"}],"author":[{"embeddable":true,"href":"https:\/\/fima.org.br\/index.php?rest_route=\/wp\/v2\/users\/1"}],"replies":[{"embeddable":true,"href":"https:\/\/fima.org.br\/index.php?rest_route=%2Fwp%2Fv2%2Fcomments&post=980"}],"version-history":[{"count":19,"href":"https:\/\/fima.org.br\/index.php?rest_route=\/wp\/v2\/pages\/980\/revisions"}],"predecessor-version":[{"id":2225,"href":"https:\/\/fima.org.br\/index.php?rest_route=\/wp\/v2\/pages\/980\/revisions\/2225"}],"wp:attachment":[{"href":"https:\/\/fima.org.br\/index.php?rest_route=%2Fwp%2Fv2%2Fmedia&parent=980"}],"curies":[{"name":"wp","href":"https:\/\/api.w.org\/{rel}","templated":true}]}}